{"id":28614,"date":"2025-04-03T19:35:06","date_gmt":"2025-04-03T17:35:06","guid":{"rendered":"https:\/\/michelsanti.fr\/?page_id=28614"},"modified":"2025-04-03T19:35:06","modified_gmt":"2025-04-03T17:35:06","slug":"articles-blog","status":"publish","type":"page","link":"https:\/\/michelsanti.fr\/en\/articles-blog","title":{"rendered":"Blog"},"content":{"rendered":"","protected":false},"excerpt":{"rendered":"","protected":false},"author":4,"featured_media":0,"parent":0,"menu_order":0,"comment_status":"closed","ping_status":"closed","template":"","meta":{"give_campaign_id":0,"_crdt_document":"","_exactmetrics_skip_tracking":false,"_exactmetrics_sitenote_active":false,"_exactmetrics_sitenote_note":"","_exactmetrics_sitenote_category":0,"jetpack_post_was_ever_published":false,"footnotes":""},"class_list":["post-28614","page","type-page","status-publish","hentry"],"yoast_head":"<!-- This site is optimized with the Yoast SEO plugin v27.3 - https:\/\/yoast.com\/product\/yoast-seo-wordpress\/ -->\n<title>Blog - Michel Santi<\/title>\n<meta name=\"robots\" content=\"index, follow, max-snippet:-1, max-image-preview:large, max-video-preview:-1\" \/>\n<link rel=\"canonical\" href=\"https:\/\/michelsanti.fr\/articles-blog\" \/>\n<meta property=\"og:locale\" content=\"en_US\" \/>\n<meta property=\"og:type\" content=\"article\" \/>\n<meta property=\"og:title\" content=\"Blog - Michel Santi\" \/>\n<meta property=\"og:url\" content=\"https:\/\/michelsanti.fr\/articles-blog\" \/>\n<meta property=\"og:site_name\" content=\"Michel Santi\" \/>\n<meta property=\"article:publisher\" content=\"https:\/\/www.facebook.com\/michel.santi.economiste\" \/>\n<meta name=\"twitter:card\" content=\"summary_large_image\" \/>\n<meta name=\"twitter:site\" content=\"@michelsanti1\" \/>\n<script type=\"application\/ld+json\" class=\"yoast-schema-graph\">{\"@context\":\"https:\\\/\\\/schema.org\",\"@graph\":[{\"@type\":\"WebPage\",\"@id\":\"https:\\\/\\\/michelsanti.fr\\\/articles-blog\",\"url\":\"https:\\\/\\\/michelsanti.fr\\\/articles-blog\",\"name\":\"Blog - Michel Santi\",\"isPartOf\":{\"@id\":\"https:\\\/\\\/michelsanti.fr\\\/#website\"},\"datePublished\":\"2025-04-03T17:35:06+00:00\",\"breadcrumb\":{\"@id\":\"https:\\\/\\\/michelsanti.fr\\\/articles-blog#breadcrumb\"},\"inLanguage\":\"en-US\",\"potentialAction\":[{\"@type\":\"ReadAction\",\"target\":[\"https:\\\/\\\/michelsanti.fr\\\/articles-blog\"]}]},{\"@type\":\"BreadcrumbList\",\"@id\":\"https:\\\/\\\/michelsanti.fr\\\/articles-blog#breadcrumb\",\"itemListElement\":[{\"@type\":\"ListItem\",\"position\":1,\"name\":\"Accueil\",\"item\":\"https:\\\/\\\/michelsanti.fr\\\/\"},{\"@type\":\"ListItem\",\"position\":2,\"name\":\"Blog\"}]},{\"@type\":\"WebSite\",\"@id\":\"https:\\\/\\\/michelsanti.fr\\\/#website\",\"url\":\"https:\\\/\\\/michelsanti.fr\\\/\",\"name\":\"Michel Santi\",\"description\":\"\\\"It is not because things are difficult that we do not dare. It is because we do not dare that they seem difficult\\\", Seneca the Younger\",\"potentialAction\":[{\"@type\":\"SearchAction\",\"target\":{\"@type\":\"EntryPoint\",\"urlTemplate\":\"https:\\\/\\\/michelsanti.fr\\\/?s={search_term_string}\"},\"query-input\":{\"@type\":\"PropertyValueSpecification\",\"valueRequired\":true,\"valueName\":\"search_term_string\"}}],\"inLanguage\":\"en-US\"}]}<\/script>\n<!-- \/ Yoast SEO plugin. -->","yoast_head_json":{"title":"Blog - Michel Santi","robots":{"index":"index","follow":"follow","max-snippet":"max-snippet:-1","max-image-preview":"max-image-preview:large","max-video-preview":"max-video-preview:-1"},"canonical":"https:\/\/michelsanti.fr\/articles-blog","og_locale":"en_US","og_type":"article","og_title":"Blog - Michel Santi","og_url":"https:\/\/michelsanti.fr\/articles-blog","og_site_name":"Michel Santi","article_publisher":"https:\/\/www.facebook.com\/michel.santi.economiste","twitter_card":"summary_large_image","twitter_site":"@michelsanti1","schema":{"@context":"https:\/\/schema.org","@graph":[{"@type":"WebPage","@id":"https:\/\/michelsanti.fr\/articles-blog","url":"https:\/\/michelsanti.fr\/articles-blog","name":"Blog - Michel Santi","isPartOf":{"@id":"https:\/\/michelsanti.fr\/#website"},"datePublished":"2025-04-03T17:35:06+00:00","breadcrumb":{"@id":"https:\/\/michelsanti.fr\/articles-blog#breadcrumb"},"inLanguage":"en-US","potentialAction":[{"@type":"ReadAction","target":["https:\/\/michelsanti.fr\/articles-blog"]}]},{"@type":"BreadcrumbList","@id":"https:\/\/michelsanti.fr\/articles-blog#breadcrumb","itemListElement":[{"@type":"ListItem","position":1,"name":"Accueil","item":"https:\/\/michelsanti.fr\/"},{"@type":"ListItem","position":2,"name":"Blog"}]},{"@type":"WebSite","@id":"https:\/\/michelsanti.fr\/#website","url":"https:\/\/michelsanti.fr\/","name":"Michel Santi","description":"\"It is not because things are difficult that we do not dare. It is because we do not dare that they seem difficult\", Seneca the Younger","potentialAction":[{"@type":"SearchAction","target":{"@type":"EntryPoint","urlTemplate":"https:\/\/michelsanti.fr\/?s={search_term_string}"},"query-input":{"@type":"PropertyValueSpecification","valueRequired":true,"valueName":"search_term_string"}}],"inLanguage":"en-US"}]}},"campaignId":"","jetpack_sharing_enabled":true,"jetpack_shortlink":"https:\/\/wp.me\/PagvtB-7rw","jetpack_likes_enabled":true,"jetpack-related-posts":[{"id":23255,"url":"https:\/\/michelsanti.fr\/donations","url_meta":{"origin":28614,"position":0},"title":"Donations","author":"Michel Santi","date":"November 8, 2022","format":false,"excerpt":"Chers lecteurs, Ce blog est le v\u00f4tre\u00a0: je le tiens assidument avec r\u00e9gularit\u00e9 et passion. Des milliers d\u2019articles et d\u2019analyses sont \u00e0 votre disposition, dont les premiers remontent \u00e0 1993\u00a0! Mes prises de position macro \u00e9conomiques furent autrefois qualifi\u00e9es d\u2019h\u00e9t\u00e9rodoxes. Elles sont aujourd\u2019hui commun\u00e9ment admises et reconnues. Quoiqu\u2019il en soit,\u2026","rel":"","context":"Similar post","block_context":{"text":"Similar post","link":""},"img":{"alt_text":"","src":"","width":0,"height":0},"classes":[]},{"id":23258,"url":"https:\/\/michelsanti.fr\/en\/donations","url_meta":{"origin":28614,"position":1},"title":"Donations","author":"Michel Santi","date":"November 8, 2022","format":false,"excerpt":"Dear Readers, This blog is yours: I maintain it diligently, with both consistency and passion. Thousands of articles and analyses are available to you here, some dating all the way back to 1993! What were once considered heterodox views on macroeconomics have, over time, become widely accepted and recognized. Regardless,\u2026","rel":"","context":"Similar post","block_context":{"text":"Similar post","link":""},"img":{"alt_text":"","src":"","width":0,"height":0},"classes":[]},{"id":22941,"url":"https:\/\/michelsanti.fr\/en\/about-me-2","url_meta":{"origin":28614,"position":2},"title":"About me","author":"arthur.asca","date":"September 3, 2022","format":false,"excerpt":"Michel Santi is a French-Swiss economist, financier, writer, advisor to central banks and sovereign funds. For several years, he was a Professor of Finance in Geneva, Switzerland, a member of the World Economic Forum, the IFRI and a qualified (founding) member of the NGO \u201cFinance Watch\u201d. Born in Beirut, Lebanon,\u2026","rel":"","context":"Similar post","block_context":{"text":"Similar post","link":""},"img":{"alt_text":"","src":"","width":0,"height":0},"classes":[]},{"id":22944,"url":"https:\/\/michelsanti.fr\/en\/about-me-2\/about-me","url_meta":{"origin":28614,"position":3},"title":"about me","author":"arthur.asca","date":"September 3, 2022","format":false,"excerpt":"Michel Santi is a French-Swiss economist, financier, writer, advisor to central banks and sovereign funds. For several years, he was a Professor of Finance in Geneva, Switzerland. He was a member of the World Economic Forum in Davos, and of the IFRI - first french Think Tank. He is a\u2026","rel":"","context":"Similar post","block_context":{"text":"Similar post","link":""},"img":{"alt_text":"","src":"","width":0,"height":0},"classes":[]},{"id":23062,"url":"https:\/\/michelsanti.fr\/en\/accueil","url_meta":{"origin":28614,"position":4},"title":"Accueil","author":"Michel Santi","date":"September 20, 2022","format":false,"excerpt":"Une jeunesse levantine Mon nouveau livre disponible ! Entre g\u00e9opolitique, personnages historiqueset infid\u00e9lit\u00e9s amoureuses...Sept ans d\u2019une vie hors du communMichel Santi nous raconte une adolescence \u00e9poustouflante, t\u00e9moin privil\u00e9gi\u00e9 de bouleversements majeurs au Proche-Orient. Gen\u00e8se des conflits qui fa\u00e7onnent aujourd'hui la r\u00e9gion. Rivalit\u00e9 entre l'Arabie Saoudite et l'Iran. Guerre Isra\u00ebl\/Palestine. Chiisme\u2026","rel":"","context":"Similar post","block_context":{"text":"Similar post","link":""},"img":{"alt_text":"Michel Santi dans son bureau","src":"https:\/\/i0.wp.com\/michelsanti.fr\/wp-content\/uploads\/2025\/04\/MS1.jpg?fit=1200%2C900&ssl=1&resize=350%2C200","width":350,"height":200,"srcset":"https:\/\/i0.wp.com\/michelsanti.fr\/wp-content\/uploads\/2025\/04\/MS1.jpg?fit=1200%2C900&ssl=1&resize=350%2C200 1x, https:\/\/i0.wp.com\/michelsanti.fr\/wp-content\/uploads\/2025\/04\/MS1.jpg?fit=1200%2C900&ssl=1&resize=525%2C300 1.5x, https:\/\/i0.wp.com\/michelsanti.fr\/wp-content\/uploads\/2025\/04\/MS1.jpg?fit=1200%2C900&ssl=1&resize=700%2C400 2x, https:\/\/i0.wp.com\/michelsanti.fr\/wp-content\/uploads\/2025\/04\/MS1.jpg?fit=1200%2C900&ssl=1&resize=1050%2C600 3x"},"classes":[]},{"id":13524,"url":"https:\/\/michelsanti.fr\/en\/michel-santi","url_meta":{"origin":28614,"position":5},"title":"About me","author":"Michel Santi","date":"April 22, 2015","format":false,"excerpt":"Michel Santi is a French-Swiss economist, financier, writer, and advisor to central banks and sovereign wealth funds. Born in Beirut to a Franco-Lebanese family, he grew up between the Middle East and Europe before beginning his financial career in 1986 at Banque Indosuez in Geneva. He later worked for the\u2026","rel":"","context":"Similar post","block_context":{"text":"Similar post","link":""},"img":{"alt_text":"","src":"https:\/\/i0.wp.com\/michelsanti.fr\/wp-content\/uploads\/2018\/10\/lettre-AF.jpg?fit=842%2C1200&ssl=1&resize=350%2C200","width":350,"height":200,"srcset":"https:\/\/i0.wp.com\/michelsanti.fr\/wp-content\/uploads\/2018\/10\/lettre-AF.jpg?fit=842%2C1200&ssl=1&resize=350%2C200 1x, https:\/\/i0.wp.com\/michelsanti.fr\/wp-content\/uploads\/2018\/10\/lettre-AF.jpg?fit=842%2C1200&ssl=1&resize=525%2C300 1.5x, https:\/\/i0.wp.com\/michelsanti.fr\/wp-content\/uploads\/2018\/10\/lettre-AF.jpg?fit=842%2C1200&ssl=1&resize=700%2C400 2x"},"classes":[]}],"amp_enabled":true,"_links":{"self":[{"href":"https:\/\/michelsanti.fr\/en\/wp-json\/wp\/v2\/pages\/28614","targetHints":{"allow":["GET"]}}],"collection":[{"href":"https:\/\/michelsanti.fr\/en\/wp-json\/wp\/v2\/pages"}],"about":[{"href":"https:\/\/michelsanti.fr\/en\/wp-json\/wp\/v2\/types\/page"}],"author":[{"embeddable":true,"href":"https:\/\/michelsanti.fr\/en\/wp-json\/wp\/v2\/users\/4"}],"replies":[{"embeddable":true,"href":"https:\/\/michelsanti.fr\/en\/wp-json\/wp\/v2\/comments?post=28614"}],"version-history":[{"count":1,"href":"https:\/\/michelsanti.fr\/en\/wp-json\/wp\/v2\/pages\/28614\/revisions"}],"predecessor-version":[{"id":28615,"href":"https:\/\/michelsanti.fr\/en\/wp-json\/wp\/v2\/pages\/28614\/revisions\/28615"}],"wp:attachment":[{"href":"https:\/\/michelsanti.fr\/en\/wp-json\/wp\/v2\/media?parent=28614"}],"curies":[{"name":"wp","href":"https:\/\/api.w.org\/{rel}","templated":true}]}}