{"id":18903,"date":"2018-10-18T12:58:21","date_gmt":"2018-10-18T10:58:21","guid":{"rendered":"https:\/\/michelsanti.blog\/?page_id=18903"},"modified":"2018-10-18T18:18:47","modified_gmt":"2018-10-18T16:18:47","slug":"fauteuil-37","status":"publish","type":"page","link":"https:\/\/michelsanti.fr\/en\/fauteuil-37","title":{"rendered":"Fauteuil 37"},"content":{"rendered":"<p><img data-recalc-dims=\"1\" fetchpriority=\"high\" decoding=\"async\" class=\"size-medium wp-image-17150 alignleft\" src=\"https:\/\/i0.wp.com\/michelsanti.fr\/wp-content\/uploads\/2018\/10\/Fauteuil-37.jpg?resize=300%2C240&#038;ssl=1\" alt=\"\" width=\"300\" height=\"240\" srcset=\"https:\/\/i0.wp.com\/michelsanti.fr\/wp-content\/uploads\/2018\/10\/Fauteuil-37.jpg?resize=300%2C240&amp;ssl=1 300w, https:\/\/i0.wp.com\/michelsanti.fr\/wp-content\/uploads\/2018\/10\/Fauteuil-37.jpg?resize=1024%2C819&amp;ssl=1 1024w, https:\/\/i0.wp.com\/michelsanti.fr\/wp-content\/uploads\/2018\/10\/Fauteuil-37.jpg?w=1772&amp;ssl=1 1772w\" sizes=\"(max-width: 300px) 100vw, 300px\" \/><\/p>\n<h2>I have the absolute pleasure to announce the publication by the Antoine Library (Beirut) of my first book not dealing with economic issues. Kindly prefaced by Edgar Morin.<\/h2>\n<h3>You will find below the synopsis.<\/h3>\n<p>Pourquoi un personnage, certes talentueux mais ne faisant pas partie du microcosme, se pr\u00e9sente-t-il \u00e0 l\u2019Acad\u00e9mie fran\u00e7aise ? D\u00e9courag\u00e9 par nombre d\u2019amis et de relations arguant avec raison que je me ferai \u00abhumilier\u00bb, j\u2019ai quand m\u00eame d\u00e9cid\u00e9 d\u2019en prendre le ris\u00adque. Par amour de ma langue, par respect pour cette in\u00adstitution et ce qu\u2019elle a toujours symbolis\u00e9 pour moi, par ambition personnelle enfin car \u2013 et comme le lecteur le d\u00e9couvrira \u2013 celle-ci est un des moteurs essentiels de mon existence. Ce livre retrace tout le cheminement de ma candidature au Fauteuil 37 de l\u2019Acad\u00e9mie, depuis le courrier personnalis\u00e9 adress\u00e9 \u00e0 chacun de ses membres \u00e0 leurs r\u00e9ponses, en passant par mes rencontres m\u00e9mo\u00adrables avec certains acad\u00e9miciens ayant bien voulu me recevoir afin de d\u00e9couvrir l\u2019\u00eatre qui se cachait derri\u00e8re le candidat pr\u00e9somptueux que j\u2019\u00e9tais. Pour autant me serais-je pr\u00e9sent\u00e9 si un \u00e9v\u00e9nement hautement drama\u00adtique n\u2019\u00e9tait survenu au m\u00eame moment dans ma vie ? Ce r\u00e9cit est donc tr\u00e8s personnel. S\u2019il \u00e9voque cette can\u00addidature atypique et les espoirs, parfois les fantasmes, qu\u2019elle a suscit\u00e9s en moi, il raconte \u00e9galement certains des chocs ayant burin\u00e9 ma vie et forg\u00e9 mon caract\u00e8re, celui-l\u00e0 m\u00eame qui m\u2019a conduit, presque naturellement, \u00e0 convoiter un si\u00e8ge en un des lieux les plus ferm\u00e9s au monde.<\/p>\n<p><strong>\u00ab C\u2019est neuf et original en litt\u00e9rature \u00bb,\u00a0<\/strong><strong>Edgar Morin<\/strong><\/p>\n<p style=\"font-weight: 400;\"><strong>\u00a0<\/strong><strong><a href=\"https:\/\/www.antoineonline.com\/Book_Fauteuil_37_Michel_Santi_9789953736723.aspx?productCode=0009789953736723\" target=\"_blank\" rel=\"noopener\">To order it, click on this link<\/a><\/strong><\/p>\n","protected":false},"excerpt":{"rendered":"<p>I have the absolute pleasure to announce the publication by the Antoine Library (Beirut) of my first book not dealing with economic issues. Kindly prefaced by Edgar Morin. You will find below the synopsis. Pourquoi un personnage, certes talentueux mais ne faisant pas partie du microcosme, se pr\u00e9sente-t-il \u00e0 l\u2019Acad\u00e9mie fran\u00e7aise ? D\u00e9courag\u00e9 par nombre&hellip;<\/p>\n","protected":false},"author":4,"featured_media":0,"parent":0,"menu_order":0,"comment_status":"open","ping_status":"closed","template":"","meta":{"give_campaign_id":0,"_crdt_document":"","_exactmetrics_skip_tracking":false,"_exactmetrics_sitenote_active":false,"_exactmetrics_sitenote_note":"","_exactmetrics_sitenote_category":0,"jetpack_post_was_ever_published":false,"footnotes":""},"class_list":["post-18903","page","type-page","status-publish","hentry"],"yoast_head":"<!-- This site is optimized with the Yoast SEO plugin v27.3 - https:\/\/yoast.com\/product\/yoast-seo-wordpress\/ -->\n<title>Fauteuil 37 - Michel Santi<\/title>\n<meta name=\"description\" content=\"J&#039;ai l&#039;immense plaisir de vous annoncer la publication par la Librairie Antoine (Beyrouth) de mon premier livre ne traitant pas de questions \u00e9conomiques. Aimablement pr\u00e9fac\u00e9 par Edgar Morin.\" \/>\n<meta name=\"robots\" content=\"index, follow, max-snippet:-1, max-image-preview:large, max-video-preview:-1\" \/>\n<link rel=\"canonical\" href=\"https:\/\/michelsanti.fr\/en\/fauteuil-37\" \/>\n<meta property=\"og:locale\" content=\"en_US\" \/>\n<meta property=\"og:type\" content=\"article\" \/>\n<meta property=\"og:title\" content=\"Fauteuil 37 - Michel Santi\" \/>\n<meta property=\"og:description\" content=\"J&#039;ai l&#039;immense plaisir de vous annoncer la publication par la Librairie Antoine (Beyrouth) de mon premier livre ne traitant pas de questions \u00e9conomiques. Aimablement pr\u00e9fac\u00e9 par Edgar Morin.\" \/>\n<meta property=\"og:url\" content=\"https:\/\/michelsanti.fr\/en\/fauteuil-37\" \/>\n<meta property=\"og:site_name\" content=\"Michel Santi\" \/>\n<meta property=\"article:publisher\" content=\"https:\/\/www.facebook.com\/michel.santi.economiste\" \/>\n<meta property=\"article:modified_time\" content=\"2018-10-18T16:18:47+00:00\" \/>\n<meta property=\"og:image\" content=\"https:\/\/michelsanti.fr\/wp-content\/uploads\/2018\/10\/Fauteuil-37-300x240.jpg\" \/>\n<meta name=\"twitter:card\" content=\"summary_large_image\" \/>\n<meta name=\"twitter:site\" content=\"@michelsanti1\" \/>\n<meta name=\"twitter:label1\" content=\"Est. reading time\" \/>\n\t<meta name=\"twitter:data1\" content=\"1 minute\" \/>\n<script type=\"application\/ld+json\" class=\"yoast-schema-graph\">{\"@context\":\"https:\\\/\\\/schema.org\",\"@graph\":[{\"@type\":\"WebPage\",\"@id\":\"https:\\\/\\\/michelsanti.fr\\\/en\\\/fauteuil-37\",\"url\":\"https:\\\/\\\/michelsanti.fr\\\/en\\\/fauteuil-37\",\"name\":\"Fauteuil 37 - Michel Santi\",\"isPartOf\":{\"@id\":\"https:\\\/\\\/michelsanti.fr\\\/#website\"},\"primaryImageOfPage\":{\"@id\":\"https:\\\/\\\/michelsanti.fr\\\/en\\\/fauteuil-37#primaryimage\"},\"image\":{\"@id\":\"https:\\\/\\\/michelsanti.fr\\\/en\\\/fauteuil-37#primaryimage\"},\"thumbnailUrl\":\"https:\\\/\\\/michelsanti.fr\\\/wp-content\\\/uploads\\\/2018\\\/10\\\/Fauteuil-37-300x240.jpg\",\"datePublished\":\"2018-10-18T10:58:21+00:00\",\"dateModified\":\"2018-10-18T16:18:47+00:00\",\"description\":\"J'ai l'immense plaisir de vous annoncer la publication par la Librairie Antoine (Beyrouth) de mon premier livre ne traitant pas de questions \u00e9conomiques. Aimablement pr\u00e9fac\u00e9 par Edgar Morin.\",\"breadcrumb\":{\"@id\":\"https:\\\/\\\/michelsanti.fr\\\/en\\\/fauteuil-37#breadcrumb\"},\"inLanguage\":\"en-US\",\"potentialAction\":[{\"@type\":\"ReadAction\",\"target\":[\"https:\\\/\\\/michelsanti.fr\\\/en\\\/fauteuil-37\"]}]},{\"@type\":\"ImageObject\",\"inLanguage\":\"en-US\",\"@id\":\"https:\\\/\\\/michelsanti.fr\\\/en\\\/fauteuil-37#primaryimage\",\"url\":\"https:\\\/\\\/michelsanti.fr\\\/wp-content\\\/uploads\\\/2018\\\/10\\\/Fauteuil-37-300x240.jpg\",\"contentUrl\":\"https:\\\/\\\/michelsanti.fr\\\/wp-content\\\/uploads\\\/2018\\\/10\\\/Fauteuil-37-300x240.jpg\"},{\"@type\":\"BreadcrumbList\",\"@id\":\"https:\\\/\\\/michelsanti.fr\\\/en\\\/fauteuil-37#breadcrumb\",\"itemListElement\":[{\"@type\":\"ListItem\",\"position\":1,\"name\":\"Accueil\",\"item\":\"https:\\\/\\\/michelsanti.fr\\\/\"},{\"@type\":\"ListItem\",\"position\":2,\"name\":\"Fauteuil 37\"}]},{\"@type\":\"WebSite\",\"@id\":\"https:\\\/\\\/michelsanti.fr\\\/#website\",\"url\":\"https:\\\/\\\/michelsanti.fr\\\/\",\"name\":\"Michel Santi\",\"description\":\"\\\"It is not because things are difficult that we do not dare. It is because we do not dare that they seem difficult\\\", Seneca the Younger\",\"potentialAction\":[{\"@type\":\"SearchAction\",\"target\":{\"@type\":\"EntryPoint\",\"urlTemplate\":\"https:\\\/\\\/michelsanti.fr\\\/?s={search_term_string}\"},\"query-input\":{\"@type\":\"PropertyValueSpecification\",\"valueRequired\":true,\"valueName\":\"search_term_string\"}}],\"inLanguage\":\"en-US\"}]}<\/script>\n<!-- \/ Yoast SEO plugin. -->","yoast_head_json":{"title":"Fauteuil 37 - Michel Santi","description":"J'ai l'immense plaisir de vous annoncer la publication par la Librairie Antoine (Beyrouth) de mon premier livre ne traitant pas de questions \u00e9conomiques. Aimablement pr\u00e9fac\u00e9 par Edgar Morin.","robots":{"index":"index","follow":"follow","max-snippet":"max-snippet:-1","max-image-preview":"max-image-preview:large","max-video-preview":"max-video-preview:-1"},"canonical":"https:\/\/michelsanti.fr\/en\/fauteuil-37","og_locale":"en_US","og_type":"article","og_title":"Fauteuil 37 - Michel Santi","og_description":"J'ai l'immense plaisir de vous annoncer la publication par la Librairie Antoine (Beyrouth) de mon premier livre ne traitant pas de questions \u00e9conomiques. Aimablement pr\u00e9fac\u00e9 par Edgar Morin.","og_url":"https:\/\/michelsanti.fr\/en\/fauteuil-37","og_site_name":"Michel Santi","article_publisher":"https:\/\/www.facebook.com\/michel.santi.economiste","article_modified_time":"2018-10-18T16:18:47+00:00","og_image":[{"url":"https:\/\/michelsanti.fr\/wp-content\/uploads\/2018\/10\/Fauteuil-37-300x240.jpg","type":"","width":"","height":""}],"twitter_card":"summary_large_image","twitter_site":"@michelsanti1","twitter_misc":{"Est. reading time":"1 minute"},"schema":{"@context":"https:\/\/schema.org","@graph":[{"@type":"WebPage","@id":"https:\/\/michelsanti.fr\/en\/fauteuil-37","url":"https:\/\/michelsanti.fr\/en\/fauteuil-37","name":"Fauteuil 37 - Michel Santi","isPartOf":{"@id":"https:\/\/michelsanti.fr\/#website"},"primaryImageOfPage":{"@id":"https:\/\/michelsanti.fr\/en\/fauteuil-37#primaryimage"},"image":{"@id":"https:\/\/michelsanti.fr\/en\/fauteuil-37#primaryimage"},"thumbnailUrl":"https:\/\/michelsanti.fr\/wp-content\/uploads\/2018\/10\/Fauteuil-37-300x240.jpg","datePublished":"2018-10-18T10:58:21+00:00","dateModified":"2018-10-18T16:18:47+00:00","description":"J'ai l'immense plaisir de vous annoncer la publication par la Librairie Antoine (Beyrouth) de mon premier livre ne traitant pas de questions \u00e9conomiques. Aimablement pr\u00e9fac\u00e9 par Edgar Morin.","breadcrumb":{"@id":"https:\/\/michelsanti.fr\/en\/fauteuil-37#breadcrumb"},"inLanguage":"en-US","potentialAction":[{"@type":"ReadAction","target":["https:\/\/michelsanti.fr\/en\/fauteuil-37"]}]},{"@type":"ImageObject","inLanguage":"en-US","@id":"https:\/\/michelsanti.fr\/en\/fauteuil-37#primaryimage","url":"https:\/\/michelsanti.fr\/wp-content\/uploads\/2018\/10\/Fauteuil-37-300x240.jpg","contentUrl":"https:\/\/michelsanti.fr\/wp-content\/uploads\/2018\/10\/Fauteuil-37-300x240.jpg"},{"@type":"BreadcrumbList","@id":"https:\/\/michelsanti.fr\/en\/fauteuil-37#breadcrumb","itemListElement":[{"@type":"ListItem","position":1,"name":"Accueil","item":"https:\/\/michelsanti.fr\/"},{"@type":"ListItem","position":2,"name":"Fauteuil 37"}]},{"@type":"WebSite","@id":"https:\/\/michelsanti.fr\/#website","url":"https:\/\/michelsanti.fr\/","name":"Michel Santi","description":"\"It is not because things are difficult that we do not dare. It is because we do not dare that they seem difficult\", Seneca the Younger","potentialAction":[{"@type":"SearchAction","target":{"@type":"EntryPoint","urlTemplate":"https:\/\/michelsanti.fr\/?s={search_term_string}"},"query-input":{"@type":"PropertyValueSpecification","valueRequired":true,"valueName":"search_term_string"}}],"inLanguage":"en-US"}]}},"campaignId":"","jetpack_sharing_enabled":true,"jetpack_shortlink":"https:\/\/wp.me\/PagvtB-4UT","jetpack_likes_enabled":true,"jetpack-related-posts":[{"id":20883,"url":"https:\/\/michelsanti.fr\/en\/about-me","url_meta":{"origin":18903,"position":0},"title":"About me","author":"Michel Santi","date":"October 14, 2020","format":false,"excerpt":"I was born in Beirut to a Lebanese mother and to a French father who worked for 38 years as a Diplomat, after serving in the \"Forces Fran\u00e7aises Libres\" with de Gaulle during the Second World War. I lived in and traveled across the Middle East: Lebanon, Syria, Jordan, Bahrain,\u2026","rel":"","context":"Similar post","block_context":{"text":"Similar post","link":""},"img":{"alt_text":"","src":"https:\/\/i0.wp.com\/michelsanti.fr\/wp-content\/uploads\/2025\/05\/SANTI-.jpg?fit=1200%2C946&ssl=1&resize=350%2C200","width":350,"height":200,"srcset":"https:\/\/i0.wp.com\/michelsanti.fr\/wp-content\/uploads\/2025\/05\/SANTI-.jpg?fit=1200%2C946&ssl=1&resize=350%2C200 1x, https:\/\/i0.wp.com\/michelsanti.fr\/wp-content\/uploads\/2025\/05\/SANTI-.jpg?fit=1200%2C946&ssl=1&resize=525%2C300 1.5x, https:\/\/i0.wp.com\/michelsanti.fr\/wp-content\/uploads\/2025\/05\/SANTI-.jpg?fit=1200%2C946&ssl=1&resize=700%2C400 2x, https:\/\/i0.wp.com\/michelsanti.fr\/wp-content\/uploads\/2025\/05\/SANTI-.jpg?fit=1200%2C946&ssl=1&resize=1050%2C600 3x"},"classes":[]},{"id":13530,"url":"https:\/\/michelsanti.fr\/en\/capitalisme-without-conscience","url_meta":{"origin":18903,"position":1},"title":"Capitalism without Conscience","author":"Michel Santi","date":"October 8, 2013","format":false,"excerpt":"In this striking new book it is argued that the outraged attitudes of neoliberals and many of those who work in financial institutions with regard to the size of public deficits are far from being genuine and merely mask a desire to dismantle social programs and reduce the size of\u2026","rel":"","context":"Similar post","block_context":{"text":"Similar post","link":""},"img":{"alt_text":"Capitalisme without conscience","src":"https:\/\/i0.wp.com\/michelsanti.blog\/wp-content\/uploads\/2018\/10\/livre2.jpg?resize=350%2C200&ssl=1","width":350,"height":200},"classes":[]},{"id":13558,"url":"https:\/\/michelsanti.fr\/en\/capitalisme-without-conscience","url_meta":{"origin":18903,"position":2},"title":"Capitalism without Conscience","author":"Michel Santi","date":"October 8, 2013","format":false,"excerpt":"In this striking new book it is argued that the outraged attitudes of neoliberals and many of those who work in financial institutions with regard to the size of public deficits are far from being genuine and merely mask a desire to dismantle social programs and reduce the size of\u2026","rel":"","context":"Similar post","block_context":{"text":"Similar post","link":""},"img":{"alt_text":"Capitalism without Conscience","src":"https:\/\/i0.wp.com\/michelsanti.fr\/wp-content\/uploads\/2018\/10\/livre2-205x300.jpg?resize=350%2C200&ssl=1","width":350,"height":200},"classes":[]},{"id":20915,"url":"https:\/\/michelsanti.fr\/en\/the-testament-of-a-disabused-economist","url_meta":{"origin":18903,"position":3},"title":"The testament of a disabused economist","author":"Michel Santi","date":"October 17, 2020","format":false,"excerpt":"My new book: \u201cThe testament of a disabused economist\u201d Our duty is to rebuild society on a solid basis, as well as making deep reforms to financial markets and getting rid once and for all of their intrinsic ability to cause harm. We haven\u2019t learned anything from 2008 and have\u2026","rel":"","context":"Similar post","block_context":{"text":"Similar post","link":""},"img":{"alt_text":"","src":"","width":0,"height":0},"classes":[]},{"id":13524,"url":"https:\/\/michelsanti.fr\/en\/michel-santi","url_meta":{"origin":18903,"position":4},"title":"About me","author":"Michel Santi","date":"April 22, 2015","format":false,"excerpt":"Michel Santi is a French-Swiss economist, financier, writer, and advisor to central banks and sovereign wealth funds. Born in Beirut to a Franco-Lebanese family, he grew up between the Middle East and Europe before beginning his financial career in 1986 at Banque Indosuez in Geneva. He later worked for the\u2026","rel":"","context":"Similar post","block_context":{"text":"Similar post","link":""},"img":{"alt_text":"","src":"https:\/\/i0.wp.com\/michelsanti.fr\/wp-content\/uploads\/2018\/10\/lettre-AF.jpg?fit=842%2C1200&ssl=1&resize=350%2C200","width":350,"height":200,"srcset":"https:\/\/i0.wp.com\/michelsanti.fr\/wp-content\/uploads\/2018\/10\/lettre-AF.jpg?fit=842%2C1200&ssl=1&resize=350%2C200 1x, https:\/\/i0.wp.com\/michelsanti.fr\/wp-content\/uploads\/2018\/10\/lettre-AF.jpg?fit=842%2C1200&ssl=1&resize=525%2C300 1.5x, https:\/\/i0.wp.com\/michelsanti.fr\/wp-content\/uploads\/2018\/10\/lettre-AF.jpg?fit=842%2C1200&ssl=1&resize=700%2C400 2x"},"classes":[]},{"id":22941,"url":"https:\/\/michelsanti.fr\/en\/about-me-2","url_meta":{"origin":18903,"position":5},"title":"About me","author":"arthur.asca","date":"September 3, 2022","format":false,"excerpt":"Michel Santi is a French-Swiss economist, financier, writer, advisor to central banks and sovereign funds. For several years, he was a Professor of Finance in Geneva, Switzerland, a member of the World Economic Forum, the IFRI and a qualified (founding) member of the NGO \u201cFinance Watch\u201d. Born in Beirut, Lebanon,\u2026","rel":"","context":"Similar post","block_context":{"text":"Similar post","link":""},"img":{"alt_text":"","src":"","width":0,"height":0},"classes":[]}],"amp_enabled":true,"_links":{"self":[{"href":"https:\/\/michelsanti.fr\/en\/wp-json\/wp\/v2\/pages\/18903","targetHints":{"allow":["GET"]}}],"collection":[{"href":"https:\/\/michelsanti.fr\/en\/wp-json\/wp\/v2\/pages"}],"about":[{"href":"https:\/\/michelsanti.fr\/en\/wp-json\/wp\/v2\/types\/page"}],"author":[{"embeddable":true,"href":"https:\/\/michelsanti.fr\/en\/wp-json\/wp\/v2\/users\/4"}],"replies":[{"embeddable":true,"href":"https:\/\/michelsanti.fr\/en\/wp-json\/wp\/v2\/comments?post=18903"}],"version-history":[{"count":0,"href":"https:\/\/michelsanti.fr\/en\/wp-json\/wp\/v2\/pages\/18903\/revisions"}],"wp:attachment":[{"href":"https:\/\/michelsanti.fr\/en\/wp-json\/wp\/v2\/media?parent=18903"}],"curies":[{"name":"wp","href":"https:\/\/api.w.org\/{rel}","templated":true}]}}