{"id":17112,"date":"2018-10-16T12:05:11","date_gmt":"2018-10-16T10:05:11","guid":{"rendered":"https:\/\/michelsanti.blog\/?page_id=17112"},"modified":"2018-10-17T17:39:38","modified_gmt":"2018-10-17T15:39:38","slug":"contact-me","status":"publish","type":"page","link":"https:\/\/michelsanti.fr\/en\/contact-me","title":{"rendered":"Contact"},"content":{"rendered":"<p>Contact Michel Santi<\/p>\n<p>email: ms@michelsanti.fr<\/p>\n\n<div class=\"wpcf7 no-js\" id=\"wpcf7-f7685-o1\" lang=\"fr-FR\" dir=\"ltr\" data-wpcf7-id=\"7685\">\n<div class=\"screen-reader-response\"><p role=\"status\" aria-live=\"polite\" aria-atomic=\"true\"><\/p> <ul><\/ul><\/div>\n<form action=\"\/en\/wp-json\/wp\/v2\/pages\/17112#wpcf7-f7685-o1\" method=\"post\" class=\"wpcf7-form init\" aria-label=\"Formulaire de contact\" novalidate=\"novalidate\" data-status=\"init\">\n<fieldset class=\"hidden-fields-container\"><input type=\"hidden\" name=\"_wpcf7\" value=\"7685\" \/><input type=\"hidden\" name=\"_wpcf7_version\" value=\"6.1.5\" \/><input type=\"hidden\" name=\"_wpcf7_locale\" value=\"fr_FR\" \/><input type=\"hidden\" name=\"_wpcf7_unit_tag\" value=\"wpcf7-f7685-o1\" \/><input type=\"hidden\" name=\"_wpcf7_container_post\" value=\"0\" \/><input type=\"hidden\" name=\"_wpcf7_posted_data_hash\" value=\"\" \/>\n<\/fieldset>\n<p>Your name (mandatory)\n<\/p>\n<p><span class=\"wpcf7-form-control-wrap\" data-name=\"your-name\"><input size=\"40\" maxlength=\"400\" class=\"wpcf7-form-control wpcf7-text wpcf7-validates-as-required\" aria-required=\"true\" aria-invalid=\"false\" value=\"\" type=\"text\" name=\"your-name\" \/><\/span>\n<\/p>\n<p>Your email (mandatory)\n<\/p>\n<p><span class=\"wpcf7-form-control-wrap\" data-name=\"your-email\"><input size=\"40\" maxlength=\"400\" class=\"wpcf7-form-control wpcf7-email wpcf7-validates-as-required wpcf7-text wpcf7-validates-as-email\" aria-required=\"true\" aria-invalid=\"false\" value=\"\" type=\"email\" name=\"your-email\" \/><\/span>\n<\/p>\n<p>Subject\n<\/p>\n<p><span class=\"wpcf7-form-control-wrap\" data-name=\"your-subject\"><input size=\"40\" maxlength=\"400\" class=\"wpcf7-form-control wpcf7-text\" aria-invalid=\"false\" value=\"\" type=\"text\" name=\"your-subject\" \/><\/span>\n<\/p>\n<p>Your message\n<\/p>\n<p><span class=\"wpcf7-form-control-wrap\" data-name=\"your-message\"><textarea cols=\"40\" rows=\"10\" maxlength=\"2000\" class=\"wpcf7-form-control wpcf7-textarea\" aria-invalid=\"false\" name=\"your-message\"><\/textarea><\/span>\n<\/p>\n<p><input class=\"wpcf7-form-control wpcf7-submit has-spinner\" type=\"submit\" value=\"Send\" \/>\n<\/p><p style=\"display: none !important;\" class=\"akismet-fields-container\" data-prefix=\"_wpcf7_ak_\"><label>&#916;<textarea name=\"_wpcf7_ak_hp_textarea\" cols=\"45\" rows=\"8\" maxlength=\"100\"><\/textarea><\/label><input type=\"hidden\" id=\"ak_js_1\" name=\"_wpcf7_ak_js\" value=\"244\"\/><script>document.getElementById( \"ak_js_1\" ).setAttribute( \"value\", ( new Date() ).getTime() );<\/script><\/p><div class=\"wpcf7-response-output\" aria-hidden=\"true\"><\/div>\n<\/form>\n<\/div>\n\n","protected":false},"excerpt":{"rendered":"<p>Contact Michel Santi email: ms@michelsanti.fr<\/p>\n","protected":false},"author":4,"featured_media":0,"parent":0,"menu_order":0,"comment_status":"closed","ping_status":"closed","template":"","meta":{"give_campaign_id":0,"_crdt_document":"","_exactmetrics_skip_tracking":false,"_exactmetrics_sitenote_active":false,"_exactmetrics_sitenote_note":"","_exactmetrics_sitenote_category":0,"footnotes":""},"class_list":["post-17112","page","type-page","status-publish","hentry"],"yoast_head":"<!-- This site is optimized with the Yoast SEO plugin v27.4 - https:\/\/yoast.com\/product\/yoast-seo-wordpress\/ -->\n<title>Contact - Michel Santi<\/title>\n<meta name=\"description\" content=\"Pour prendre contact, veuillez remplir le formulaire ci-dessous\" \/>\n<meta name=\"robots\" content=\"index, follow, max-snippet:-1, max-image-preview:large, max-video-preview:-1\" \/>\n<link rel=\"canonical\" href=\"https:\/\/michelsanti.fr\/en\/contact-me\" \/>\n<meta property=\"og:locale\" content=\"en_US\" \/>\n<meta property=\"og:type\" content=\"article\" \/>\n<meta property=\"og:title\" content=\"Contact - Michel Santi\" \/>\n<meta property=\"og:description\" content=\"Pour prendre contact, veuillez remplir le formulaire ci-dessous\" \/>\n<meta property=\"og:url\" content=\"https:\/\/michelsanti.fr\/en\/contact-me\" \/>\n<meta property=\"og:site_name\" content=\"Michel Santi\" \/>\n<meta property=\"article:publisher\" content=\"https:\/\/www.facebook.com\/michel.santi.economiste\" \/>\n<meta property=\"article:modified_time\" content=\"2018-10-17T15:39:38+00:00\" \/>\n<meta name=\"twitter:card\" content=\"summary_large_image\" \/>\n<meta name=\"twitter:site\" content=\"@michelsanti1\" \/>\n<script type=\"application\/ld+json\" class=\"yoast-schema-graph\">{\"@context\":\"https:\\\/\\\/schema.org\",\"@graph\":[{\"@type\":\"WebPage\",\"@id\":\"https:\\\/\\\/michelsanti.fr\\\/en\\\/contact-me\",\"url\":\"https:\\\/\\\/michelsanti.fr\\\/en\\\/contact-me\",\"name\":\"Contact - Michel Santi\",\"isPartOf\":{\"@id\":\"https:\\\/\\\/michelsanti.fr\\\/#website\"},\"datePublished\":\"2018-10-16T10:05:11+00:00\",\"dateModified\":\"2018-10-17T15:39:38+00:00\",\"description\":\"Pour prendre contact, veuillez remplir le formulaire ci-dessous\",\"breadcrumb\":{\"@id\":\"https:\\\/\\\/michelsanti.fr\\\/en\\\/contact-me#breadcrumb\"},\"inLanguage\":\"en-US\",\"potentialAction\":[{\"@type\":\"ReadAction\",\"target\":[\"https:\\\/\\\/michelsanti.fr\\\/en\\\/contact-me\"]}]},{\"@type\":\"BreadcrumbList\",\"@id\":\"https:\\\/\\\/michelsanti.fr\\\/en\\\/contact-me#breadcrumb\",\"itemListElement\":[{\"@type\":\"ListItem\",\"position\":1,\"name\":\"Accueil\",\"item\":\"https:\\\/\\\/michelsanti.fr\\\/\"},{\"@type\":\"ListItem\",\"position\":2,\"name\":\"Contact\"}]},{\"@type\":\"WebSite\",\"@id\":\"https:\\\/\\\/michelsanti.fr\\\/#website\",\"url\":\"https:\\\/\\\/michelsanti.fr\\\/\",\"name\":\"Michel Santi\",\"description\":\"\\\"It is not because things are difficult that we do not dare. It is because we do not dare that they seem difficult\\\", Seneca the Younger\",\"potentialAction\":[{\"@type\":\"SearchAction\",\"target\":{\"@type\":\"EntryPoint\",\"urlTemplate\":\"https:\\\/\\\/michelsanti.fr\\\/?s={search_term_string}\"},\"query-input\":{\"@type\":\"PropertyValueSpecification\",\"valueRequired\":true,\"valueName\":\"search_term_string\"}}],\"inLanguage\":\"en-US\"}]}<\/script>\n<!-- \/ Yoast SEO plugin. -->","yoast_head_json":{"title":"Contact - Michel Santi","description":"Pour prendre contact, veuillez remplir le formulaire ci-dessous","robots":{"index":"index","follow":"follow","max-snippet":"max-snippet:-1","max-image-preview":"max-image-preview:large","max-video-preview":"max-video-preview:-1"},"canonical":"https:\/\/michelsanti.fr\/en\/contact-me","og_locale":"en_US","og_type":"article","og_title":"Contact - Michel Santi","og_description":"Pour prendre contact, veuillez remplir le formulaire ci-dessous","og_url":"https:\/\/michelsanti.fr\/en\/contact-me","og_site_name":"Michel Santi","article_publisher":"https:\/\/www.facebook.com\/michel.santi.economiste","article_modified_time":"2018-10-17T15:39:38+00:00","twitter_card":"summary_large_image","twitter_site":"@michelsanti1","schema":{"@context":"https:\/\/schema.org","@graph":[{"@type":"WebPage","@id":"https:\/\/michelsanti.fr\/en\/contact-me","url":"https:\/\/michelsanti.fr\/en\/contact-me","name":"Contact - Michel Santi","isPartOf":{"@id":"https:\/\/michelsanti.fr\/#website"},"datePublished":"2018-10-16T10:05:11+00:00","dateModified":"2018-10-17T15:39:38+00:00","description":"Pour prendre contact, veuillez remplir le formulaire ci-dessous","breadcrumb":{"@id":"https:\/\/michelsanti.fr\/en\/contact-me#breadcrumb"},"inLanguage":"en-US","potentialAction":[{"@type":"ReadAction","target":["https:\/\/michelsanti.fr\/en\/contact-me"]}]},{"@type":"BreadcrumbList","@id":"https:\/\/michelsanti.fr\/en\/contact-me#breadcrumb","itemListElement":[{"@type":"ListItem","position":1,"name":"Accueil","item":"https:\/\/michelsanti.fr\/"},{"@type":"ListItem","position":2,"name":"Contact"}]},{"@type":"WebSite","@id":"https:\/\/michelsanti.fr\/#website","url":"https:\/\/michelsanti.fr\/","name":"Michel Santi","description":"\"It is not because things are difficult that we do not dare. It is because we do not dare that they seem difficult\", Seneca the Younger","potentialAction":[{"@type":"SearchAction","target":{"@type":"EntryPoint","urlTemplate":"https:\/\/michelsanti.fr\/?s={search_term_string}"},"query-input":{"@type":"PropertyValueSpecification","valueRequired":true,"valueName":"search_term_string"}}],"inLanguage":"en-US"}]}},"campaignId":"","jetpack_sharing_enabled":true,"jetpack_shortlink":"https:\/\/wp.me\/PagvtB-4s0","jetpack_likes_enabled":true,"jetpack-related-posts":[{"id":17110,"url":"https:\/\/michelsanti.fr\/contact","url_meta":{"origin":17112,"position":0},"title":"Contact","author":"Michel Santi","date":"October 16, 2018","format":false,"excerpt":"Contactez Michel Santi email: ms@michelsanti.fr \u00a0","rel":"","context":"Similar post","block_context":{"text":"Similar post","link":""},"img":{"alt_text":"","src":"","width":0,"height":0},"classes":[]},{"id":28040,"url":"https:\/\/michelsanti.fr\/en\/echec-du-paiement","url_meta":{"origin":17112,"position":1},"title":"\u00c9chec du paiement","author":"kerlia","date":"March 26, 2025","format":false,"excerpt":"Malheureusement, votre transaction n\u2019a pas \u00e9t\u00e9 trait\u00e9e. Veuillez r\u00e9essayer ou contacter le support du site.","rel":"","context":"Similar post","block_context":{"text":"Similar post","link":""},"img":{"alt_text":"","src":"","width":0,"height":0},"classes":[]},{"id":23245,"url":"https:\/\/michelsanti.fr\/en\/le-don-a-echoue","url_meta":{"origin":17112,"position":2},"title":"Le don a \u00e9chou\u00e9","author":"kerlia","date":"November 8, 2022","format":false,"excerpt":"Nous sommes d\u00e9sol\u00e9s, mais votre transaction a \u00e9chou\u00e9. Veuillez essayer \u00e0 nouveau ou contacter l\u2019assistance du site.","rel":"","context":"Similar post","block_context":{"text":"Similar post","link":""},"img":{"alt_text":"","src":"","width":0,"height":0},"classes":[]},{"id":13541,"url":"https:\/\/michelsanti.fr\/en\/splendeurs-et-miseres-du-liberalisme","url_meta":{"origin":17112,"position":3},"title":"Splendeurs et Mis\u00e8res du Lib\u00e9ralisme","author":"Michel Santi","date":"September 23, 2012","format":false,"excerpt":"Cet ouvrage est le fruit d\u2019exp\u00e9riences professionnelles et d\u2019un cheminement personnel \u00e0 travers les m\u00e9andres du m\u00e9tier. Je m\u2019attache \u00e0 donner des cl\u00e9s, avec le double objectif de r\u00e9tablir la croissance et de se lib\u00e9rer de l\u2019emprise des march\u00e9s financiers. La compr\u00e9hension des m\u00e9canismes est effectivement cruciale afin de mettre\u2026","rel":"","context":"With 2 comments","block_context":{"text":"With 2 comments","link":"https:\/\/michelsanti.fr\/en\/splendeurs-et-miseres-du-liberalisme#comments"},"img":{"alt_text":"splendeurs et miseres du liberalisme","src":"https:\/\/i0.wp.com\/michelsanti.fr\/wp-content\/uploads\/2018\/10\/splendeurs-et-miseres-du-liberalisme-e1348420571910.jpg?fit=393%2C600&ssl=1&resize=350%2C200","width":350,"height":200},"classes":[]},{"id":13532,"url":"https:\/\/michelsanti.fr\/en\/about-h-rolfe","url_meta":{"origin":17112,"position":4},"title":"About H. Rolfe","author":"Michel Santi","date":"April 27, 2015","format":false,"excerpt":"All translations from the french have been done by Hudson Rolfe. contact :\u00a0hrolfe91@gmail.com \u00a0 \u00a0 EDUCATION University of\u00a0 Geneva\u00a0\u00a0\u00a0\u00a0\u00a0\u00a0\u00a0\u00a0\u00a0\u00a0\u00a0\u00a0\u00a0\u00a0\u00a0\u00a0\u00a0\u00a0\u00a0\u00a0\u00a0\u00a0\u00a0\u00a0\u00a0\u00a0\u00a0\u00a0\u00a0\u00a0\u00a0\u00a0\u00a0\u00a0\u00a0\u00a0\u00a0\u00a0\u00a0\u00a0\u00a0\u00a0\u00a0\u00a0\u00a0\u00a0\u00a0\u00a0\u00a0\u00a0\u00a0\u00a0\u00a0\u00a0\u00a0\u00a0\u00a0\u00a0\u00a0\u00a0\u00a0\u00a0\u00a0\u00a0\u00a0\u00a0\u00a0\u00a0\u00a0\u00a0\u00a0\u00a0\u00a0\u00a0\u00a0\u00a0\u00a0\u00a0\u00a0\u00a0\u00a0\u00a0\u00a0\u00a0\u00a0\u00a0\u00a0\u00a0\u00a0\u00a0 \u00a0\u00a0\u00a0\u00a0\u00a0\u00a0\u00a0\u00a0\u00a0\u00a0\u00a0\u00a0\u00a0\u00a0\u00a0 Ongoing M.A. in Translation Studies (French to English) \u00a0 University of Warwick, England\u00a0\u00a0\u00a0\u00a0\u00a0\u00a0\u00a0\u00a0\u00a0\u00a0\u00a0\u00a0\u00a0\u00a0\u00a0\u00a0\u00a0\u00a0\u00a0\u00a0\u00a0\u00a0\u00a0\u00a0\u00a0\u00a0\u00a0\u00a0\u00a0\u00a0\u00a0\u00a0\u00a0\u00a0\u00a0\u00a0\u00a0\u00a0\u00a0\u00a0\u00a0\u00a0\u00a0\u00a0\u00a0\u00a0\u00a0\u00a0\u00a0\u00a0\u00a0\u00a0\u00a0\u00a0\u00a0\u00a0\u00a0\u00a0\u00a0\u00a0\u00a0\u00a0 \u00a0 \u00a0 \u00a0 \u00a0 \u00a0 \u00a0 \u00a0 \u00a0 \u00a0 \u00a0 \u00a0 \u00a0 \u00a0 June 2014 B.A. in\u2026","rel":"","context":"Similar post","block_context":{"text":"Similar post","link":""},"img":{"alt_text":"","src":"https:\/\/i0.wp.com\/michelsanti.fr\/wp-content\/uploads\/2018\/10\/IMG_0518.jpeg?fit=807%2C1200&ssl=1&resize=350%2C200","width":350,"height":200,"srcset":"https:\/\/i0.wp.com\/michelsanti.fr\/wp-content\/uploads\/2018\/10\/IMG_0518.jpeg?fit=807%2C1200&ssl=1&resize=350%2C200 1x, https:\/\/i0.wp.com\/michelsanti.fr\/wp-content\/uploads\/2018\/10\/IMG_0518.jpeg?fit=807%2C1200&ssl=1&resize=525%2C300 1.5x, https:\/\/i0.wp.com\/michelsanti.fr\/wp-content\/uploads\/2018\/10\/IMG_0518.jpeg?fit=807%2C1200&ssl=1&resize=700%2C400 2x"},"classes":[]},{"id":23255,"url":"https:\/\/michelsanti.fr\/donations","url_meta":{"origin":17112,"position":5},"title":"Donations","author":"Michel Santi","date":"November 8, 2022","format":false,"excerpt":"Chers lecteurs, Ce blog est le v\u00f4tre\u00a0: je le tiens assidument avec r\u00e9gularit\u00e9 et passion. Des milliers d\u2019articles et d\u2019analyses sont \u00e0 votre disposition, dont les premiers remontent \u00e0 1993\u00a0! Mes prises de position macro \u00e9conomiques furent autrefois qualifi\u00e9es d\u2019h\u00e9t\u00e9rodoxes. Elles sont aujourd\u2019hui commun\u00e9ment admises et reconnues. Quoiqu\u2019il en soit,\u2026","rel":"","context":"Similar post","block_context":{"text":"Similar post","link":""},"img":{"alt_text":"","src":"","width":0,"height":0},"classes":[]}],"amp_enabled":true,"_links":{"self":[{"href":"https:\/\/michelsanti.fr\/en\/wp-json\/wp\/v2\/pages\/17112","targetHints":{"allow":["GET"]}}],"collection":[{"href":"https:\/\/michelsanti.fr\/en\/wp-json\/wp\/v2\/pages"}],"about":[{"href":"https:\/\/michelsanti.fr\/en\/wp-json\/wp\/v2\/types\/page"}],"author":[{"embeddable":true,"href":"https:\/\/michelsanti.fr\/en\/wp-json\/wp\/v2\/users\/4"}],"replies":[{"embeddable":true,"href":"https:\/\/michelsanti.fr\/en\/wp-json\/wp\/v2\/comments?post=17112"}],"version-history":[{"count":0,"href":"https:\/\/michelsanti.fr\/en\/wp-json\/wp\/v2\/pages\/17112\/revisions"}],"wp:attachment":[{"href":"https:\/\/michelsanti.fr\/en\/wp-json\/wp\/v2\/media?parent=17112"}],"curies":[{"name":"wp","href":"https:\/\/api.w.org\/{rel}","templated":true}]}}