{"id":13581,"date":"2015-01-17T00:00:00","date_gmt":"2015-01-16T22:00:00","guid":{"rendered":"https:\/\/michelsanti.blog\/misere-et-opulence\/"},"modified":"2020-01-25T14:09:04","modified_gmt":"2020-01-25T13:09:04","slug":"misere-et-opulence","status":"publish","type":"page","link":"https:\/\/michelsanti.fr\/en\/misere-et-opulence","title":{"rendered":"Mis\u00e8re et opulence"},"content":{"rendered":"<p>&nbsp;<\/p>\n<div id=\"attachment_13529\" style=\"width: 193px\" class=\"wp-caption aligncenter\"><img data-recalc-dims=\"1\" fetchpriority=\"high\" decoding=\"async\" aria-describedby=\"caption-attachment-13529\" class=\"size-medium wp-image-13529\" src=\"https:\/\/i0.wp.com\/michelsanti.fr\/wp-content\/uploads\/2018\/10\/unnamed-e1421509810572-183x300.jpg?resize=183%2C300&#038;ssl=1\" alt=\"mis\u00e8re et opulence\" width=\"183\" height=\"300\" srcset=\"https:\/\/i0.wp.com\/michelsanti.fr\/wp-content\/uploads\/2018\/10\/unnamed-e1421509810572.jpg?resize=183%2C300&amp;ssl=1 183w, https:\/\/i0.wp.com\/michelsanti.fr\/wp-content\/uploads\/2018\/10\/unnamed-e1421509810572.jpg?w=200&amp;ssl=1 200w\" sizes=\"(max-width: 183px) 100vw, 183px\" \/><p id=\"caption-attachment-13529\" class=\"wp-caption-text\">mis\u00e8re et opulence<\/p><\/div>\n<p>&nbsp;<\/p>\n<p style=\"text-align: center;\">Mis\u00e8re et opulence<\/p>\n<p style=\"text-align: center;\"><em>Chronique d&#8217;aust\u00e9rit\u00e9 globalis\u00e9e<\/em><\/p>\n<p>Sous sa forme actuelle, la monnaie unique est un vecteur de schizophr\u00e9nie \u00e9conomique, une machine \u00e0 cr\u00e9er du ch\u00f4mage et des in\u00e9galit\u00e9s. Que l&#8217;euro &#8211; qui n&#8217;est d\u00e9cid\u00e9ment plus aujourd&#8217;hui le symbole de l&#8217;unit\u00e9 europ\u00e9enne &#8211; soit donc d\u00e9construit ! Sans doutes les p\u00e8res fondateurs commirent-ils une tr\u00e8s regrettable erreur en choisissant une monnaie &#8211; et donc de l&#8217;argent ! &#8211; comme symbole de l&#8217;Union europ\u00e9enne. Remettons de la flexibilit\u00e9 au sein de cette Union, et n&#8217;h\u00e9sitons pas, au passage, \u00e0 en diluer l&#8217;esprit mercantile en relativisant la valeur accord\u00e9e \u00e0 l&#8217;argent. Car le citoyen europ\u00e9en n&#8217;a pas demand\u00e9 cette dette publique colossale, comme il n&#8217;en est pas responsable.<\/p>\n<p>Ce ne sont pas les d\u00e9penses sociales qui sont coupables d&#8217;avoir creus\u00e9 nos d\u00e9ficits. Ce sont les sauvetages bancaires d&#8217;\u00e9tablissements ayant amass\u00e9 des fortunes par la gr\u00e2ce de la financiarisation, elle-m\u00eame destin\u00e9e \u00e0 une anesth\u00e9sier une population europ\u00e9enne dont les revenus \u00e9taient inversement proportionnels \u00e0 la productivit\u00e9 de ses entreprises. Europ\u00e9ens : avez-vous vraiment voulu de cette dette ? \u00cates-vous seulement conscients que ce d\u00e9bat sur l&#8217;aust\u00e9rit\u00e9 n&#8217;est que la version moderne de la lutte des classes ?<\/p>\n<p>Pr\u00e9face aimablement r\u00e9dig\u00e9e par Romaric Godin, R\u00e9dacteur en chef aupr\u00e8s de &#8220;La Tribune&#8221;<\/p>\n<p>&nbsp;<\/p>\n<p>&nbsp;<\/p>\n<p>Vous pouvez commander cet ouvrage directement \u00e0 votre libraire habituel ou sur internet <a href=\"http:\/\/www.editions-harmattan.fr\/index.asp?navig=catalogue&amp;obj=livre&amp;no=45601\">chez les \u00e9ditions Harmattan.<\/a><br \/>\nou sur le <a href=\"http:\/\/livre.fnac.com\/a7968761\/Michel-Santi-Misere-et-opulence\">site de la Fnac. <\/a><br \/>\nou encore sur <a href=\"http:\/\/www.amazon.fr\/Mis%C3%A8re-opulence-SANTI-MICHEL\/dp\/2343053324\" target=\"_blank\" rel=\"noopener noreferrer\">Amazon<\/a><\/p>\n<p>Livre paru le 30\/12\/2014<br \/>\nISBN :\u00a0 \u00a0\u00a0\u00a0\u00a0\u00a0 \u00a0\u00a0 2343053324<br \/>\nEAN : \u00a0\u00a0 978-2343053325<\/p>\n","protected":false},"excerpt":{"rendered":"<p>&nbsp; &nbsp; Mis\u00e8re et opulence Chronique d&#8217;aust\u00e9rit\u00e9 globalis\u00e9e Sous sa forme actuelle, la monnaie unique est un vecteur de schizophr\u00e9nie \u00e9conomique, une machine \u00e0 cr\u00e9er du ch\u00f4mage et des in\u00e9galit\u00e9s. Que l&#8217;euro &#8211; qui n&#8217;est d\u00e9cid\u00e9ment plus aujourd&#8217;hui le symbole de l&#8217;unit\u00e9 europ\u00e9enne &#8211; soit donc d\u00e9construit ! Sans doutes les p\u00e8res fondateurs commirent-ils une&hellip;<\/p>\n","protected":false},"author":4,"featured_media":13529,"parent":0,"menu_order":0,"comment_status":"open","ping_status":"open","template":"","meta":{"give_campaign_id":0,"_crdt_document":"","_exactmetrics_skip_tracking":false,"_exactmetrics_sitenote_active":false,"_exactmetrics_sitenote_note":"","_exactmetrics_sitenote_category":0,"footnotes":""},"class_list":["post-13581","page","type-page","status-publish","has-post-thumbnail","hentry"],"yoast_head":"<!-- This site is optimized with the Yoast SEO plugin v27.5 - https:\/\/yoast.com\/product\/yoast-seo-wordpress\/ -->\n<title>Mis\u00e8re et opulence - Michel Santi<\/title>\n<meta name=\"description\" content=\"Sous sa forme actuelle, la monnaie unique est un vecteur de schizophr\u00e9nie \u00e9conomique, une machine \u00e0 cr\u00e9er du ch\u00f4mage et des in\u00e9galit\u00e9s.\" \/>\n<meta name=\"robots\" content=\"index, follow, max-snippet:-1, max-image-preview:large, max-video-preview:-1\" \/>\n<link rel=\"canonical\" href=\"https:\/\/michelsanti.fr\/misere-et-opulence\" \/>\n<meta property=\"og:locale\" content=\"en_US\" \/>\n<meta property=\"og:type\" content=\"article\" \/>\n<meta property=\"og:title\" content=\"Mis\u00e8re et opulence - Michel Santi\" \/>\n<meta property=\"og:description\" content=\"Sous sa forme actuelle, la monnaie unique est un vecteur de schizophr\u00e9nie \u00e9conomique, une machine \u00e0 cr\u00e9er du ch\u00f4mage et des in\u00e9galit\u00e9s.\" \/>\n<meta property=\"og:url\" content=\"https:\/\/michelsanti.fr\/misere-et-opulence\" \/>\n<meta property=\"og:site_name\" content=\"Michel Santi\" \/>\n<meta property=\"article:publisher\" content=\"https:\/\/www.facebook.com\/michel.santi.economiste\" \/>\n<meta property=\"article:modified_time\" content=\"2020-01-25T13:09:04+00:00\" \/>\n<meta property=\"og:image\" content=\"https:\/\/i1.wp.com\/michelsanti.fr\/wp-content\/uploads\/2018\/10\/unnamed-e1421509810572.jpg?fit=200%2C327&ssl=1\" \/>\n\t<meta property=\"og:image:width\" content=\"200\" \/>\n\t<meta property=\"og:image:height\" content=\"327\" \/>\n\t<meta property=\"og:image:type\" content=\"image\/jpeg\" \/>\n<meta name=\"twitter:card\" content=\"summary_large_image\" \/>\n<meta name=\"twitter:site\" content=\"@michelsanti1\" \/>\n<meta name=\"twitter:label1\" content=\"Est. reading time\" \/>\n\t<meta name=\"twitter:data1\" content=\"1 minute\" \/>\n<script type=\"application\/ld+json\" class=\"yoast-schema-graph\">{\"@context\":\"https:\\\/\\\/schema.org\",\"@graph\":[{\"@type\":\"WebPage\",\"@id\":\"https:\\\/\\\/michelsanti.fr\\\/misere-et-opulence\",\"url\":\"https:\\\/\\\/michelsanti.fr\\\/misere-et-opulence\",\"name\":\"Mis\u00e8re et opulence - Michel Santi\",\"isPartOf\":{\"@id\":\"https:\\\/\\\/michelsanti.fr\\\/#website\"},\"primaryImageOfPage\":{\"@id\":\"https:\\\/\\\/michelsanti.fr\\\/misere-et-opulence#primaryimage\"},\"image\":{\"@id\":\"https:\\\/\\\/michelsanti.fr\\\/misere-et-opulence#primaryimage\"},\"thumbnailUrl\":\"https:\\\/\\\/i0.wp.com\\\/michelsanti.fr\\\/wp-content\\\/uploads\\\/2018\\\/10\\\/unnamed-e1421509810572.jpg?fit=200%2C327&ssl=1\",\"datePublished\":\"2015-01-16T22:00:00+00:00\",\"dateModified\":\"2020-01-25T13:09:04+00:00\",\"description\":\"Sous sa forme actuelle, la monnaie unique est un vecteur de schizophr\u00e9nie \u00e9conomique, une machine \u00e0 cr\u00e9er du ch\u00f4mage et des in\u00e9galit\u00e9s.\",\"breadcrumb\":{\"@id\":\"https:\\\/\\\/michelsanti.fr\\\/misere-et-opulence#breadcrumb\"},\"inLanguage\":\"en-US\",\"potentialAction\":[{\"@type\":\"ReadAction\",\"target\":[\"https:\\\/\\\/michelsanti.fr\\\/misere-et-opulence\"]}]},{\"@type\":\"ImageObject\",\"inLanguage\":\"en-US\",\"@id\":\"https:\\\/\\\/michelsanti.fr\\\/misere-et-opulence#primaryimage\",\"url\":\"https:\\\/\\\/i0.wp.com\\\/michelsanti.fr\\\/wp-content\\\/uploads\\\/2018\\\/10\\\/unnamed-e1421509810572.jpg?fit=200%2C327&ssl=1\",\"contentUrl\":\"https:\\\/\\\/i0.wp.com\\\/michelsanti.fr\\\/wp-content\\\/uploads\\\/2018\\\/10\\\/unnamed-e1421509810572.jpg?fit=200%2C327&ssl=1\",\"width\":200,\"height\":327,\"caption\":\"mis\u00e8re et opulence\"},{\"@type\":\"BreadcrumbList\",\"@id\":\"https:\\\/\\\/michelsanti.fr\\\/misere-et-opulence#breadcrumb\",\"itemListElement\":[{\"@type\":\"ListItem\",\"position\":1,\"name\":\"Accueil\",\"item\":\"https:\\\/\\\/michelsanti.fr\\\/\"},{\"@type\":\"ListItem\",\"position\":2,\"name\":\"Mis\u00e8re et opulence\"}]},{\"@type\":\"WebSite\",\"@id\":\"https:\\\/\\\/michelsanti.fr\\\/#website\",\"url\":\"https:\\\/\\\/michelsanti.fr\\\/\",\"name\":\"Michel Santi\",\"description\":\"\\\"It is not because things are difficult that we do not dare. It is because we do not dare that they seem difficult\\\", Seneca the Younger\",\"potentialAction\":[{\"@type\":\"SearchAction\",\"target\":{\"@type\":\"EntryPoint\",\"urlTemplate\":\"https:\\\/\\\/michelsanti.fr\\\/?s={search_term_string}\"},\"query-input\":{\"@type\":\"PropertyValueSpecification\",\"valueRequired\":true,\"valueName\":\"search_term_string\"}}],\"inLanguage\":\"en-US\"}]}<\/script>\n<!-- \/ Yoast SEO plugin. -->","yoast_head_json":{"title":"Mis\u00e8re et opulence - Michel Santi","description":"Sous sa forme actuelle, la monnaie unique est un vecteur de schizophr\u00e9nie \u00e9conomique, une machine \u00e0 cr\u00e9er du ch\u00f4mage et des in\u00e9galit\u00e9s.","robots":{"index":"index","follow":"follow","max-snippet":"max-snippet:-1","max-image-preview":"max-image-preview:large","max-video-preview":"max-video-preview:-1"},"canonical":"https:\/\/michelsanti.fr\/misere-et-opulence","og_locale":"en_US","og_type":"article","og_title":"Mis\u00e8re et opulence - Michel Santi","og_description":"Sous sa forme actuelle, la monnaie unique est un vecteur de schizophr\u00e9nie \u00e9conomique, une machine \u00e0 cr\u00e9er du ch\u00f4mage et des in\u00e9galit\u00e9s.","og_url":"https:\/\/michelsanti.fr\/misere-et-opulence","og_site_name":"Michel Santi","article_publisher":"https:\/\/www.facebook.com\/michel.santi.economiste","article_modified_time":"2020-01-25T13:09:04+00:00","og_image":[{"width":200,"height":327,"url":"https:\/\/i1.wp.com\/michelsanti.fr\/wp-content\/uploads\/2018\/10\/unnamed-e1421509810572.jpg?fit=200%2C327&ssl=1","type":"image\/jpeg"}],"twitter_card":"summary_large_image","twitter_site":"@michelsanti1","twitter_misc":{"Est. reading time":"1 minute"},"schema":{"@context":"https:\/\/schema.org","@graph":[{"@type":"WebPage","@id":"https:\/\/michelsanti.fr\/misere-et-opulence","url":"https:\/\/michelsanti.fr\/misere-et-opulence","name":"Mis\u00e8re et opulence - Michel Santi","isPartOf":{"@id":"https:\/\/michelsanti.fr\/#website"},"primaryImageOfPage":{"@id":"https:\/\/michelsanti.fr\/misere-et-opulence#primaryimage"},"image":{"@id":"https:\/\/michelsanti.fr\/misere-et-opulence#primaryimage"},"thumbnailUrl":"https:\/\/i0.wp.com\/michelsanti.fr\/wp-content\/uploads\/2018\/10\/unnamed-e1421509810572.jpg?fit=200%2C327&ssl=1","datePublished":"2015-01-16T22:00:00+00:00","dateModified":"2020-01-25T13:09:04+00:00","description":"Sous sa forme actuelle, la monnaie unique est un vecteur de schizophr\u00e9nie \u00e9conomique, une machine \u00e0 cr\u00e9er du ch\u00f4mage et des in\u00e9galit\u00e9s.","breadcrumb":{"@id":"https:\/\/michelsanti.fr\/misere-et-opulence#breadcrumb"},"inLanguage":"en-US","potentialAction":[{"@type":"ReadAction","target":["https:\/\/michelsanti.fr\/misere-et-opulence"]}]},{"@type":"ImageObject","inLanguage":"en-US","@id":"https:\/\/michelsanti.fr\/misere-et-opulence#primaryimage","url":"https:\/\/i0.wp.com\/michelsanti.fr\/wp-content\/uploads\/2018\/10\/unnamed-e1421509810572.jpg?fit=200%2C327&ssl=1","contentUrl":"https:\/\/i0.wp.com\/michelsanti.fr\/wp-content\/uploads\/2018\/10\/unnamed-e1421509810572.jpg?fit=200%2C327&ssl=1","width":200,"height":327,"caption":"mis\u00e8re et opulence"},{"@type":"BreadcrumbList","@id":"https:\/\/michelsanti.fr\/misere-et-opulence#breadcrumb","itemListElement":[{"@type":"ListItem","position":1,"name":"Accueil","item":"https:\/\/michelsanti.fr\/"},{"@type":"ListItem","position":2,"name":"Mis\u00e8re et opulence"}]},{"@type":"WebSite","@id":"https:\/\/michelsanti.fr\/#website","url":"https:\/\/michelsanti.fr\/","name":"Michel Santi","description":"\"It is not because things are difficult that we do not dare. It is because we do not dare that they seem difficult\", Seneca the Younger","potentialAction":[{"@type":"SearchAction","target":{"@type":"EntryPoint","urlTemplate":"https:\/\/michelsanti.fr\/?s={search_term_string}"},"query-input":{"@type":"PropertyValueSpecification","valueRequired":true,"valueName":"search_term_string"}}],"inLanguage":"en-US"}]}},"campaignId":"","jetpack_sharing_enabled":true,"jetpack_shortlink":"https:\/\/wp.me\/PagvtB-3x3","jetpack_likes_enabled":true,"jetpack-related-posts":[{"id":19915,"url":"https:\/\/michelsanti.fr\/en\/mes-articles","url_meta":{"origin":13581,"position":0},"title":"Mes articles","author":"arthur.asca","date":"January 26, 2020","format":false,"excerpt":"Mes ouvrages fAUTEUIL 37 Pourquoi un personnage, certes talentueux mais ne faisant pas partie du microcosme, se pr\u00e9sente-t-il \u00e0 l\u2019Acad\u00e9mie fran\u00e7aise ? D\u00e9courag\u00e9 par nombre d\u2019amis et de relations arguant avec raison que je me ferai \u00abhumilier\u00bb, j\u2019ai quand m\u00eame d\u00e9cid\u00e9 d\u2019en prendre le ris\u00adque. Lire la suite Mis\u00e8re et\u2026","rel":"","context":"Similar post","block_context":{"text":"Similar post","link":""},"img":{"alt_text":"Fauteuil 37","src":"https:\/\/i0.wp.com\/michelsanti.fr\/wp-content\/uploads\/2018\/10\/Fauteuil-37-couv.jpg?resize=350%2C200&ssl=1","width":350,"height":200,"srcset":"https:\/\/i0.wp.com\/michelsanti.fr\/wp-content\/uploads\/2018\/10\/Fauteuil-37-couv.jpg?resize=350%2C200&ssl=1 1x, https:\/\/i0.wp.com\/michelsanti.fr\/wp-content\/uploads\/2018\/10\/Fauteuil-37-couv.jpg?resize=525%2C300&ssl=1 1.5x, https:\/\/i0.wp.com\/michelsanti.fr\/wp-content\/uploads\/2018\/10\/Fauteuil-37-couv.jpg?resize=700%2C400&ssl=1 2x"},"classes":[]},{"id":5874,"url":"https:\/\/michelsanti.fr\/en\/misery-and-opulence","url_meta":{"origin":13581,"position":1},"title":"Misery and opulence","author":"kerlia","date":"April 24, 2015","format":false,"excerpt":"\u00a0 \u00a0 Misery and opulence A chronicle of global austerity In its current form, the European single currency is an economic schizophrenia vector machine, which creates unemployment and inequality. The Euro is decidedly no longer the symbol of European unity! Without a doubt, the Euro\u2019s founding fathers made a very\u2026","rel":"","context":"Similar post","block_context":{"text":"Similar post","link":""},"img":{"alt_text":"mis\u00e8re et opulence","src":"https:\/\/i0.wp.com\/michelsanti.fr\/wp-content\/uploads\/2018\/10\/mis%C3%A8re-et-opulence-2-184x300.jpg?resize=350%2C200&ssl=1","width":350,"height":200},"classes":[]},{"id":29999,"url":"https:\/\/michelsanti.fr\/en\/books-2","url_meta":{"origin":13581,"position":2},"title":"Books","author":"Michel Santi","date":"August 7, 2025","format":false,"excerpt":"\u00a0 Read more here \u00a0 Splendors and miseries of mainstream economics1,4, L\u2019Harmattan publishing. \u2013 november 2012. Foreword written by Patrick Artus. ISBN 2296992323 \u00a0 Read more here \u00a0 Misery and opulence, L\u2019Harmattan publishing. \u2013 december 2014. ISBN 2343053324 \u00a0 \u00a0 Read more here \u00a0 Europe, chronical of a political and\u2026","rel":"","context":"Similar post","block_context":{"text":"Similar post","link":""},"img":{"alt_text":"","src":"https:\/\/i0.wp.com\/michelsanti.fr\/wp-content\/uploads\/2018\/10\/livre3.jpg?fit=729%2C1200&ssl=1&resize=350%2C200","width":350,"height":200,"srcset":"https:\/\/i0.wp.com\/michelsanti.fr\/wp-content\/uploads\/2018\/10\/livre3.jpg?fit=729%2C1200&ssl=1&resize=350%2C200 1x, https:\/\/i0.wp.com\/michelsanti.fr\/wp-content\/uploads\/2018\/10\/livre3.jpg?fit=729%2C1200&ssl=1&resize=525%2C300 1.5x, https:\/\/i0.wp.com\/michelsanti.fr\/wp-content\/uploads\/2018\/10\/livre3.jpg?fit=729%2C1200&ssl=1&resize=700%2C400 2x"},"classes":[]},{"id":13513,"url":"https:\/\/michelsanti.fr\/en\/books","url_meta":{"origin":13581,"position":3},"title":"Books","author":"Michel Santi","date":"April 22, 2015","format":false,"excerpt":"\u00a0 Read more here \u00a0 Splendors and miseries of mainstream economics1,4, L\u2019Harmattan publishing. \u2013 november 2012. Foreword written by Patrick Artus. ISBN 2296992323 \u00a0 Read more here \u00a0 Misery and opulence, L\u2019Harmattan publishing. \u2013 december 2014. ISBN 2343053324 \u00a0 \u00a0 Read more here \u00a0 Europe, chronical of a political and\u2026","rel":"","context":"With 1 comment","block_context":{"text":"With 1 comment","link":"https:\/\/michelsanti.fr\/en\/books#comments"},"img":{"alt_text":"","src":"https:\/\/i0.wp.com\/michelsanti.fr\/wp-content\/uploads\/2018\/10\/livre3.jpg?fit=729%2C1200&ssl=1&resize=350%2C200","width":350,"height":200,"srcset":"https:\/\/i0.wp.com\/michelsanti.fr\/wp-content\/uploads\/2018\/10\/livre3.jpg?fit=729%2C1200&ssl=1&resize=350%2C200 1x, https:\/\/i0.wp.com\/michelsanti.fr\/wp-content\/uploads\/2018\/10\/livre3.jpg?fit=729%2C1200&ssl=1&resize=525%2C300 1.5x, https:\/\/i0.wp.com\/michelsanti.fr\/wp-content\/uploads\/2018\/10\/livre3.jpg?fit=729%2C1200&ssl=1&resize=700%2C400 2x"},"classes":[]},{"id":13573,"url":"https:\/\/michelsanti.fr\/ouvrages","url_meta":{"origin":13581,"position":4},"title":"Ouvrages","author":"Michel Santi","date":"September 11, 2013","format":false,"excerpt":"\u00a0 Plus d'infos ici Splendeurs et mis\u00e8res du lib\u00e9ralisme1,4, \u00e9ditions L\u2019Harmattan. \u2013 novembre 2012. Avant-propos r\u00e9dig\u00e9 par Patrick Artus. ISBN 2296992323 \u00a0 \u00a0 Plus d'infos ici\u00a0 Mis\u00e8re et opulence, \u00e9ditions L\u2019Harmattan. \u2013 d\u00e9cembre 2014. ISBN 2343053324 \u00a0 \u00a0 Plus d'infos ici L\u2019Europe\u00a0: chroniques d\u2019un fiasco \u00e9conomique et politique4, \u00e9ditions L\u2019Harmattan.\u2026","rel":"","context":"Similar post","block_context":{"text":"Similar post","link":""},"img":{"alt_text":"L'europe, chronique d'un fiasco \u00e9conomique et politique","src":"https:\/\/i0.wp.com\/michelsanti.fr\/wp-content\/uploads\/2018\/10\/livre3.jpg?fit=729%2C1200&ssl=1&resize=350%2C200","width":350,"height":200,"srcset":"https:\/\/i0.wp.com\/michelsanti.fr\/wp-content\/uploads\/2018\/10\/livre3.jpg?fit=729%2C1200&ssl=1&resize=350%2C200 1x, https:\/\/i0.wp.com\/michelsanti.fr\/wp-content\/uploads\/2018\/10\/livre3.jpg?fit=729%2C1200&ssl=1&resize=525%2C300 1.5x, https:\/\/i0.wp.com\/michelsanti.fr\/wp-content\/uploads\/2018\/10\/livre3.jpg?fit=729%2C1200&ssl=1&resize=700%2C400 2x"},"classes":[]},{"id":13527,"url":"https:\/\/michelsanti.fr\/en\/misery-and-opulence","url_meta":{"origin":13581,"position":5},"title":"Misery and opulence","author":"Michel Santi","date":"April 24, 2015","format":false,"excerpt":"Misery and opulence A chronicle of global austerity In its current form, the European single currency is an economic schizophrenia vector machine, which creates unemployment and inequality. The Euro is decidedly no longer the symbol of European unity! Without a doubt, the Euro\u2019s founding fathers made a very unfortunate mistake\u2026","rel":"","context":"Similar post","block_context":{"text":"Similar post","link":""},"img":{"alt_text":"unnamed","src":"https:\/\/i0.wp.com\/michelsanti.blog\/wp-content\/uploads\/2018\/10\/unnamed-184x300.jpg?resize=350%2C200&ssl=1","width":350,"height":200},"classes":[]}],"amp_enabled":true,"_links":{"self":[{"href":"https:\/\/michelsanti.fr\/en\/wp-json\/wp\/v2\/pages\/13581","targetHints":{"allow":["GET"]}}],"collection":[{"href":"https:\/\/michelsanti.fr\/en\/wp-json\/wp\/v2\/pages"}],"about":[{"href":"https:\/\/michelsanti.fr\/en\/wp-json\/wp\/v2\/types\/page"}],"author":[{"embeddable":true,"href":"https:\/\/michelsanti.fr\/en\/wp-json\/wp\/v2\/users\/4"}],"replies":[{"embeddable":true,"href":"https:\/\/michelsanti.fr\/en\/wp-json\/wp\/v2\/comments?post=13581"}],"version-history":[{"count":0,"href":"https:\/\/michelsanti.fr\/en\/wp-json\/wp\/v2\/pages\/13581\/revisions"}],"wp:featuredmedia":[{"embeddable":true,"href":"https:\/\/michelsanti.fr\/en\/wp-json\/wp\/v2\/media\/13529"}],"wp:attachment":[{"href":"https:\/\/michelsanti.fr\/en\/wp-json\/wp\/v2\/media?parent=13581"}],"curies":[{"name":"wp","href":"https:\/\/api.w.org\/{rel}","templated":true}]}}