{"id":13524,"date":"2015-04-22T00:00:00","date_gmt":"2015-04-21T22:00:00","guid":{"rendered":"https:\/\/michelsanti.blog\/michel-santi\/"},"modified":"2025-11-30T18:36:18","modified_gmt":"2025-11-30T17:36:18","slug":"michel-santi","status":"publish","type":"page","link":"https:\/\/michelsanti.fr\/en\/michel-santi","title":{"rendered":"About me"},"content":{"rendered":"<p>Michel Santi is a French-Swiss economist, financier, writer, and advisor to central banks and sovereign wealth funds. Born in Beirut to a Franco-Lebanese family, he grew up between the Middle East and Europe before beginning his financial career in 1986 at Banque Indosuez in Geneva. He later worked for the Royal Bank of Canada, Discount Bank &amp; Trust, and the BNP Group in Switzerland, before co-founding in 1993 one of Geneva\u2019s first independent asset-management companies, where he created several hedge funds, including some of the largest currency and derivatives funds of their time.<\/p>\n<p>In 2005, he left operational finance to devote himself fully to macroeconomic analysis and strategic advisory work for public institutions. A former professor of financial techniques at the University of Geneva, he has been writing a widely followed blog since 2007 and a weekly macroeconomic and geopolitical column for <em>La Tribune<\/em>. The author of several books on financial crises, he was among the first to alert readers to the subprime crisis, and has been described by Edgar Morin as a \u201cvisionary economist.\u201d<\/p>\n<p>Santi\u2019s work offers a forceful critique of neoliberalism, austerity policies, and the dominance of financial markets. He advocates a strong role for the state and central banks, monetary creation as a tool for stimulus, productive public debt, and innovative monetary policies such as negative interest rates. A proponent of the gradual disappearance of cash\u2014on which he has advised several Scandinavian countries\u2014he argues that capitalism must be reshaped to serve social cohesion. His books <em>Capitalism Without Conscience<\/em> (Oxford), <em>Splendeurs et mis\u00e8res du lib\u00e9ralisme<\/em>, and <em>Le Testament d\u2019un \u00e9conomiste d\u00e9sabus\u00e9<\/em> denounce what he views as the moral drift of contemporary economic systems.<\/p>\n<p>He recently published <em>Une jeunesse levantine<\/em>, a vivid and deeply personal memoir recounting seven formative years of his youth in the Middle East. In it, he describes encounters with Ayatollah Khomeini, Yasser Arafat, and Shimon Peres; his involvement in a radical Christian militia during the Lebanese Civil War; and the extraordinary story of his cousin\u2014Miss Universe\u2014who married the mastermind of the Munich Olympics terrorist attack, whom Santi met in Lebanon. Blending intimate memory with regional history, the book sheds light on how his early exposure to geopolitical turmoil profoundly shaped his economic thinking.<\/p>\n<p>An experienced practitioner turned engaged critic, Michel Santi is a founding member of Finance Watch in Brussels, a Senior Member of LIFE (Lebanese International Financial Executives), and a former member of the World Economic Forum and the Institut Fran\u00e7ais des Relations Internationales. He also co-founded \u201cArt Trading &amp; Finance\u201d in Geneva in 2015, advising art investors and collectors. He holds a specialized master\u2019s degree in economic and banking law and advocates an economy centered on human needs, insisting that \u201ceconomics is fundamentally a political affair.\u201d<\/p>\n","protected":false},"excerpt":{"rendered":"<p>Michel Santi is a French-Swiss economist, financier, writer, and advisor to central banks and sovereign wealth funds. Born in Beirut to a Franco-Lebanese family, he grew up between the Middle East and Europe before beginning his financial career in 1986 at Banque Indosuez in Geneva. He later worked for the Royal Bank of Canada, Discount&hellip;<\/p>\n","protected":false},"author":4,"featured_media":13525,"parent":0,"menu_order":0,"comment_status":"open","ping_status":"open","template":"","meta":{"give_campaign_id":0,"_crdt_document":"","_exactmetrics_skip_tracking":false,"_exactmetrics_sitenote_active":false,"_exactmetrics_sitenote_note":"","_exactmetrics_sitenote_category":0,"jetpack_post_was_ever_published":false,"footnotes":""},"class_list":["post-13524","page","type-page","status-publish","has-post-thumbnail","hentry"],"yoast_head":"<!-- This site is optimized with the Yoast SEO plugin v27.3 - https:\/\/yoast.com\/product\/yoast-seo-wordpress\/ -->\n<title>About me - Michel Santi<\/title>\n<meta name=\"robots\" content=\"index, follow, max-snippet:-1, max-image-preview:large, max-video-preview:-1\" \/>\n<link rel=\"canonical\" href=\"https:\/\/michelsanti.fr\/en\/michel-santi\" \/>\n<meta property=\"og:locale\" content=\"en_US\" \/>\n<meta property=\"og:type\" content=\"article\" \/>\n<meta property=\"og:title\" content=\"About me - Michel Santi\" \/>\n<meta property=\"og:description\" content=\"Michel Santi is a French-Swiss economist, financier, writer, and advisor to central banks and sovereign wealth funds. Born in Beirut to a Franco-Lebanese family, he grew up between the Middle East and Europe before beginning his financial career in 1986 at Banque Indosuez in Geneva. He later worked for the Royal Bank of Canada, Discount&hellip;\" \/>\n<meta property=\"og:url\" content=\"https:\/\/michelsanti.fr\/en\/michel-santi\" \/>\n<meta property=\"og:site_name\" content=\"Michel Santi\" \/>\n<meta property=\"article:publisher\" content=\"https:\/\/www.facebook.com\/michel.santi.economiste\" \/>\n<meta property=\"article:modified_time\" content=\"2025-11-30T17:36:18+00:00\" \/>\n<meta property=\"og:image\" content=\"https:\/\/michelsanti.fr\/wp-content\/uploads\/2018\/10\/lettre-AF.jpg\" \/>\n\t<meta property=\"og:image:width\" content=\"842\" \/>\n\t<meta property=\"og:image:height\" content=\"1200\" \/>\n\t<meta property=\"og:image:type\" content=\"image\/jpeg\" \/>\n<meta name=\"twitter:card\" content=\"summary_large_image\" \/>\n<meta name=\"twitter:site\" content=\"@michelsanti1\" \/>\n<meta name=\"twitter:label1\" content=\"Est. reading time\" \/>\n\t<meta name=\"twitter:data1\" content=\"3 minutes\" \/>\n<script type=\"application\/ld+json\" class=\"yoast-schema-graph\">{\"@context\":\"https:\\\/\\\/schema.org\",\"@graph\":[{\"@type\":\"WebPage\",\"@id\":\"https:\\\/\\\/michelsanti.fr\\\/en\\\/michel-santi\",\"url\":\"https:\\\/\\\/michelsanti.fr\\\/en\\\/michel-santi\",\"name\":\"About me - Michel Santi\",\"isPartOf\":{\"@id\":\"https:\\\/\\\/michelsanti.fr\\\/#website\"},\"primaryImageOfPage\":{\"@id\":\"https:\\\/\\\/michelsanti.fr\\\/en\\\/michel-santi#primaryimage\"},\"image\":{\"@id\":\"https:\\\/\\\/michelsanti.fr\\\/en\\\/michel-santi#primaryimage\"},\"thumbnailUrl\":\"https:\\\/\\\/i0.wp.com\\\/michelsanti.fr\\\/wp-content\\\/uploads\\\/2018\\\/10\\\/lettre-AF.jpg?fit=842%2C1200&ssl=1\",\"datePublished\":\"2015-04-21T22:00:00+00:00\",\"dateModified\":\"2025-11-30T17:36:18+00:00\",\"breadcrumb\":{\"@id\":\"https:\\\/\\\/michelsanti.fr\\\/en\\\/michel-santi#breadcrumb\"},\"inLanguage\":\"en-US\",\"potentialAction\":[{\"@type\":\"ReadAction\",\"target\":[\"https:\\\/\\\/michelsanti.fr\\\/en\\\/michel-santi\"]}]},{\"@type\":\"ImageObject\",\"inLanguage\":\"en-US\",\"@id\":\"https:\\\/\\\/michelsanti.fr\\\/en\\\/michel-santi#primaryimage\",\"url\":\"https:\\\/\\\/i0.wp.com\\\/michelsanti.fr\\\/wp-content\\\/uploads\\\/2018\\\/10\\\/lettre-AF.jpg?fit=842%2C1200&ssl=1\",\"contentUrl\":\"https:\\\/\\\/i0.wp.com\\\/michelsanti.fr\\\/wp-content\\\/uploads\\\/2018\\\/10\\\/lettre-AF.jpg?fit=842%2C1200&ssl=1\",\"width\":842,\"height\":1200},{\"@type\":\"BreadcrumbList\",\"@id\":\"https:\\\/\\\/michelsanti.fr\\\/en\\\/michel-santi#breadcrumb\",\"itemListElement\":[{\"@type\":\"ListItem\",\"position\":1,\"name\":\"Accueil\",\"item\":\"https:\\\/\\\/michelsanti.fr\\\/\"},{\"@type\":\"ListItem\",\"position\":2,\"name\":\"About me\"}]},{\"@type\":\"WebSite\",\"@id\":\"https:\\\/\\\/michelsanti.fr\\\/#website\",\"url\":\"https:\\\/\\\/michelsanti.fr\\\/\",\"name\":\"Michel Santi\",\"description\":\"\\\"It is not because things are difficult that we do not dare. It is because we do not dare that they seem difficult\\\", Seneca the Younger\",\"potentialAction\":[{\"@type\":\"SearchAction\",\"target\":{\"@type\":\"EntryPoint\",\"urlTemplate\":\"https:\\\/\\\/michelsanti.fr\\\/?s={search_term_string}\"},\"query-input\":{\"@type\":\"PropertyValueSpecification\",\"valueRequired\":true,\"valueName\":\"search_term_string\"}}],\"inLanguage\":\"en-US\"}]}<\/script>\n<!-- \/ Yoast SEO plugin. -->","yoast_head_json":{"title":"About me - Michel Santi","robots":{"index":"index","follow":"follow","max-snippet":"max-snippet:-1","max-image-preview":"max-image-preview:large","max-video-preview":"max-video-preview:-1"},"canonical":"https:\/\/michelsanti.fr\/en\/michel-santi","og_locale":"en_US","og_type":"article","og_title":"About me - Michel Santi","og_description":"Michel Santi is a French-Swiss economist, financier, writer, and advisor to central banks and sovereign wealth funds. Born in Beirut to a Franco-Lebanese family, he grew up between the Middle East and Europe before beginning his financial career in 1986 at Banque Indosuez in Geneva. He later worked for the Royal Bank of Canada, Discount&hellip;","og_url":"https:\/\/michelsanti.fr\/en\/michel-santi","og_site_name":"Michel Santi","article_publisher":"https:\/\/www.facebook.com\/michel.santi.economiste","article_modified_time":"2025-11-30T17:36:18+00:00","og_image":[{"width":842,"height":1200,"url":"https:\/\/michelsanti.fr\/wp-content\/uploads\/2018\/10\/lettre-AF.jpg","type":"image\/jpeg"}],"twitter_card":"summary_large_image","twitter_site":"@michelsanti1","twitter_misc":{"Est. reading time":"3 minutes"},"schema":{"@context":"https:\/\/schema.org","@graph":[{"@type":"WebPage","@id":"https:\/\/michelsanti.fr\/en\/michel-santi","url":"https:\/\/michelsanti.fr\/en\/michel-santi","name":"About me - Michel Santi","isPartOf":{"@id":"https:\/\/michelsanti.fr\/#website"},"primaryImageOfPage":{"@id":"https:\/\/michelsanti.fr\/en\/michel-santi#primaryimage"},"image":{"@id":"https:\/\/michelsanti.fr\/en\/michel-santi#primaryimage"},"thumbnailUrl":"https:\/\/i0.wp.com\/michelsanti.fr\/wp-content\/uploads\/2018\/10\/lettre-AF.jpg?fit=842%2C1200&ssl=1","datePublished":"2015-04-21T22:00:00+00:00","dateModified":"2025-11-30T17:36:18+00:00","breadcrumb":{"@id":"https:\/\/michelsanti.fr\/en\/michel-santi#breadcrumb"},"inLanguage":"en-US","potentialAction":[{"@type":"ReadAction","target":["https:\/\/michelsanti.fr\/en\/michel-santi"]}]},{"@type":"ImageObject","inLanguage":"en-US","@id":"https:\/\/michelsanti.fr\/en\/michel-santi#primaryimage","url":"https:\/\/i0.wp.com\/michelsanti.fr\/wp-content\/uploads\/2018\/10\/lettre-AF.jpg?fit=842%2C1200&ssl=1","contentUrl":"https:\/\/i0.wp.com\/michelsanti.fr\/wp-content\/uploads\/2018\/10\/lettre-AF.jpg?fit=842%2C1200&ssl=1","width":842,"height":1200},{"@type":"BreadcrumbList","@id":"https:\/\/michelsanti.fr\/en\/michel-santi#breadcrumb","itemListElement":[{"@type":"ListItem","position":1,"name":"Accueil","item":"https:\/\/michelsanti.fr\/"},{"@type":"ListItem","position":2,"name":"About me"}]},{"@type":"WebSite","@id":"https:\/\/michelsanti.fr\/#website","url":"https:\/\/michelsanti.fr\/","name":"Michel Santi","description":"\"It is not because things are difficult that we do not dare. It is because we do not dare that they seem difficult\", Seneca the Younger","potentialAction":[{"@type":"SearchAction","target":{"@type":"EntryPoint","urlTemplate":"https:\/\/michelsanti.fr\/?s={search_term_string}"},"query-input":{"@type":"PropertyValueSpecification","valueRequired":true,"valueName":"search_term_string"}}],"inLanguage":"en-US"}]}},"campaignId":"","jetpack_sharing_enabled":true,"jetpack_shortlink":"https:\/\/wp.me\/PagvtB-3w8","jetpack_likes_enabled":true,"jetpack-related-posts":[{"id":22941,"url":"https:\/\/michelsanti.fr\/en\/about-me-2","url_meta":{"origin":13524,"position":0},"title":"About me","author":"arthur.asca","date":"September 3, 2022","format":false,"excerpt":"Michel Santi is a French-Swiss economist, financier, writer, advisor to central banks and sovereign funds. For several years, he was a Professor of Finance in Geneva, Switzerland, a member of the World Economic Forum, the IFRI and a qualified (founding) member of the NGO \u201cFinance Watch\u201d. Born in Beirut, Lebanon,\u2026","rel":"","context":"Similar post","block_context":{"text":"Similar post","link":""},"img":{"alt_text":"","src":"","width":0,"height":0},"classes":[]},{"id":22944,"url":"https:\/\/michelsanti.fr\/en\/about-me-2\/about-me","url_meta":{"origin":13524,"position":1},"title":"about me","author":"arthur.asca","date":"September 3, 2022","format":false,"excerpt":"Michel Santi is a French-Swiss economist, financier, writer, advisor to central banks and sovereign funds. For several years, he was a Professor of Finance in Geneva, Switzerland. He was a member of the World Economic Forum in Davos, and of the IFRI - first french Think Tank. He is a\u2026","rel":"","context":"Similar post","block_context":{"text":"Similar post","link":""},"img":{"alt_text":"","src":"","width":0,"height":0},"classes":[]},{"id":20883,"url":"https:\/\/michelsanti.fr\/en\/about-me","url_meta":{"origin":13524,"position":2},"title":"About me","author":"Michel Santi","date":"October 14, 2020","format":false,"excerpt":"I was born in Beirut to a Lebanese mother and to a French father who worked for 38 years as a Diplomat, after serving in the \"Forces Fran\u00e7aises Libres\" with de Gaulle during the Second World War. I lived in and traveled across the Middle East: Lebanon, Syria, Jordan, Bahrain,\u2026","rel":"","context":"Similar post","block_context":{"text":"Similar post","link":""},"img":{"alt_text":"","src":"https:\/\/i0.wp.com\/michelsanti.fr\/wp-content\/uploads\/2025\/05\/SANTI-.jpg?fit=1200%2C946&ssl=1&resize=350%2C200","width":350,"height":200,"srcset":"https:\/\/i0.wp.com\/michelsanti.fr\/wp-content\/uploads\/2025\/05\/SANTI-.jpg?fit=1200%2C946&ssl=1&resize=350%2C200 1x, https:\/\/i0.wp.com\/michelsanti.fr\/wp-content\/uploads\/2025\/05\/SANTI-.jpg?fit=1200%2C946&ssl=1&resize=525%2C300 1.5x, https:\/\/i0.wp.com\/michelsanti.fr\/wp-content\/uploads\/2025\/05\/SANTI-.jpg?fit=1200%2C946&ssl=1&resize=700%2C400 2x, https:\/\/i0.wp.com\/michelsanti.fr\/wp-content\/uploads\/2025\/05\/SANTI-.jpg?fit=1200%2C946&ssl=1&resize=1050%2C600 3x"},"classes":[]},{"id":13536,"url":"https:\/\/michelsanti.fr\/en\/europe-chronicle-of-a-political-and-economic-fiasco","url_meta":{"origin":13524,"position":3},"title":"Europe, chronicle of a political and economic fiasco","author":"Michel Santi","date":"May 10, 2015","format":false,"excerpt":"Excerpted from the book preface generously written by Christine Kerdellant,\u00a0Assistant Managing Editor of \u2018L'Express\u2019, Managing Editor of \u2018L'Expansion\u2019: \u2018\u2019 The \u2018doctrine-slayer\u2019 Michel Santi is not an economist like all the others. It starts\u00a0with his career. Unlike his colleagues, he has not learned life from textbooks and\u00a0econometric models. He has not\u2026","rel":"","context":"Similar post","block_context":{"text":"Similar post","link":""},"img":{"alt_text":"","src":"https:\/\/i0.wp.com\/michelsanti.fr\/wp-content\/uploads\/2018\/10\/livre3.jpg?fit=729%2C1200&ssl=1&resize=350%2C200","width":350,"height":200,"srcset":"https:\/\/i0.wp.com\/michelsanti.fr\/wp-content\/uploads\/2018\/10\/livre3.jpg?fit=729%2C1200&ssl=1&resize=350%2C200 1x, https:\/\/i0.wp.com\/michelsanti.fr\/wp-content\/uploads\/2018\/10\/livre3.jpg?fit=729%2C1200&ssl=1&resize=525%2C300 1.5x, https:\/\/i0.wp.com\/michelsanti.fr\/wp-content\/uploads\/2018\/10\/livre3.jpg?fit=729%2C1200&ssl=1&resize=700%2C400 2x"},"classes":[]},{"id":13532,"url":"https:\/\/michelsanti.fr\/en\/about-h-rolfe","url_meta":{"origin":13524,"position":4},"title":"About H. Rolfe","author":"Michel Santi","date":"April 27, 2015","format":false,"excerpt":"All translations from the french have been done by Hudson Rolfe. contact :\u00a0hrolfe91@gmail.com \u00a0 \u00a0 EDUCATION University of\u00a0 Geneva\u00a0\u00a0\u00a0\u00a0\u00a0\u00a0\u00a0\u00a0\u00a0\u00a0\u00a0\u00a0\u00a0\u00a0\u00a0\u00a0\u00a0\u00a0\u00a0\u00a0\u00a0\u00a0\u00a0\u00a0\u00a0\u00a0\u00a0\u00a0\u00a0\u00a0\u00a0\u00a0\u00a0\u00a0\u00a0\u00a0\u00a0\u00a0\u00a0\u00a0\u00a0\u00a0\u00a0\u00a0\u00a0\u00a0\u00a0\u00a0\u00a0\u00a0\u00a0\u00a0\u00a0\u00a0\u00a0\u00a0\u00a0\u00a0\u00a0\u00a0\u00a0\u00a0\u00a0\u00a0\u00a0\u00a0\u00a0\u00a0\u00a0\u00a0\u00a0\u00a0\u00a0\u00a0\u00a0\u00a0\u00a0\u00a0\u00a0\u00a0\u00a0\u00a0\u00a0\u00a0\u00a0\u00a0\u00a0\u00a0\u00a0\u00a0 \u00a0\u00a0\u00a0\u00a0\u00a0\u00a0\u00a0\u00a0\u00a0\u00a0\u00a0\u00a0\u00a0\u00a0\u00a0 Ongoing M.A. in Translation Studies (French to English) \u00a0 University of Warwick, England\u00a0\u00a0\u00a0\u00a0\u00a0\u00a0\u00a0\u00a0\u00a0\u00a0\u00a0\u00a0\u00a0\u00a0\u00a0\u00a0\u00a0\u00a0\u00a0\u00a0\u00a0\u00a0\u00a0\u00a0\u00a0\u00a0\u00a0\u00a0\u00a0\u00a0\u00a0\u00a0\u00a0\u00a0\u00a0\u00a0\u00a0\u00a0\u00a0\u00a0\u00a0\u00a0\u00a0\u00a0\u00a0\u00a0\u00a0\u00a0\u00a0\u00a0\u00a0\u00a0\u00a0\u00a0\u00a0\u00a0\u00a0\u00a0\u00a0\u00a0\u00a0\u00a0 \u00a0 \u00a0 \u00a0 \u00a0 \u00a0 \u00a0 \u00a0 \u00a0 \u00a0 \u00a0 \u00a0 \u00a0 \u00a0 June 2014 B.A. in\u2026","rel":"","context":"Similar post","block_context":{"text":"Similar post","link":""},"img":{"alt_text":"","src":"https:\/\/i0.wp.com\/michelsanti.fr\/wp-content\/uploads\/2018\/10\/IMG_0518.jpeg?fit=807%2C1200&ssl=1&resize=350%2C200","width":350,"height":200,"srcset":"https:\/\/i0.wp.com\/michelsanti.fr\/wp-content\/uploads\/2018\/10\/IMG_0518.jpeg?fit=807%2C1200&ssl=1&resize=350%2C200 1x, https:\/\/i0.wp.com\/michelsanti.fr\/wp-content\/uploads\/2018\/10\/IMG_0518.jpeg?fit=807%2C1200&ssl=1&resize=525%2C300 1.5x, https:\/\/i0.wp.com\/michelsanti.fr\/wp-content\/uploads\/2018\/10\/IMG_0518.jpeg?fit=807%2C1200&ssl=1&resize=700%2C400 2x"},"classes":[]},{"id":24176,"url":"https:\/\/michelsanti.fr\/en\/snb-no-more-bets","url_meta":{"origin":13524,"position":5},"title":"SNB: No more bets","author":"Michel Santi","date":"March 13, 2023","format":false,"excerpt":"\u00a0 The SNB speculates with the money of the Swiss people. Since 2010, this venerable central bank has progressively transformed itself into one of the world\u2019s most massive \u00abhedge funds\u00bb with its wildest speculative positions and a balance sheet that has reached and exceeded the dizzying threshold of 1,000 billion.\u2026","rel":"","context":"Similar post","block_context":{"text":"Similar post","link":""},"img":{"alt_text":"","src":"https:\/\/i0.wp.com\/michelsanti.fr\/wp-content\/uploads\/2023\/03\/bns-1.jpg?fit=1200%2C626&ssl=1&resize=350%2C200","width":350,"height":200,"srcset":"https:\/\/i0.wp.com\/michelsanti.fr\/wp-content\/uploads\/2023\/03\/bns-1.jpg?fit=1200%2C626&ssl=1&resize=350%2C200 1x, https:\/\/i0.wp.com\/michelsanti.fr\/wp-content\/uploads\/2023\/03\/bns-1.jpg?fit=1200%2C626&ssl=1&resize=525%2C300 1.5x, https:\/\/i0.wp.com\/michelsanti.fr\/wp-content\/uploads\/2023\/03\/bns-1.jpg?fit=1200%2C626&ssl=1&resize=700%2C400 2x, https:\/\/i0.wp.com\/michelsanti.fr\/wp-content\/uploads\/2023\/03\/bns-1.jpg?fit=1200%2C626&ssl=1&resize=1050%2C600 3x"},"classes":[]}],"amp_enabled":true,"_links":{"self":[{"href":"https:\/\/michelsanti.fr\/en\/wp-json\/wp\/v2\/pages\/13524","targetHints":{"allow":["GET"]}}],"collection":[{"href":"https:\/\/michelsanti.fr\/en\/wp-json\/wp\/v2\/pages"}],"about":[{"href":"https:\/\/michelsanti.fr\/en\/wp-json\/wp\/v2\/types\/page"}],"author":[{"embeddable":true,"href":"https:\/\/michelsanti.fr\/en\/wp-json\/wp\/v2\/users\/4"}],"replies":[{"embeddable":true,"href":"https:\/\/michelsanti.fr\/en\/wp-json\/wp\/v2\/comments?post=13524"}],"version-history":[{"count":3,"href":"https:\/\/michelsanti.fr\/en\/wp-json\/wp\/v2\/pages\/13524\/revisions"}],"predecessor-version":[{"id":30720,"href":"https:\/\/michelsanti.fr\/en\/wp-json\/wp\/v2\/pages\/13524\/revisions\/30720"}],"wp:featuredmedia":[{"embeddable":true,"href":"https:\/\/michelsanti.fr\/en\/wp-json\/wp\/v2\/media\/13525"}],"wp:attachment":[{"href":"https:\/\/michelsanti.fr\/en\/wp-json\/wp\/v2\/media?parent=13524"}],"curies":[{"name":"wp","href":"https:\/\/api.w.org\/{rel}","templated":true}]}}